{"id":1000,"date":"2020-05-01T13:49:32","date_gmt":"2020-05-01T11:49:32","guid":{"rendered":"https:\/\/www.cultura.ch\/?page_id=1000"},"modified":"2020-06-12T08:53:04","modified_gmt":"2020-06-12T06:53:04","slug":"la-crise-de-la-corona","status":"publish","type":"page","link":"https:\/\/www.cultura.ch\/fr\/evenements\/la-crise-de-la-corona\/","title":{"rendered":"La crise de la Corona"},"content":{"rendered":"<h2>Reprise progressive des activit\u00e9s du secteur culturel public<\/h2>\n<p>La culture est l\u2019un des secteurs les plus touch\u00e9s par l\u2019arr\u00eat des activit\u00e9s li\u00e9es \u00e0 la pand\u00e9mie de coronavirus. Les restrictions impos\u00e9es nous ont soudainement permis de prendre conscience de l\u2019importance des activit\u00e9s culturelles dans le cadre de notre vie quotidienne, du manque provoqu\u00e9 par l\u2019absence de concerts, de visites dans les mus\u00e9es ou de spectacles de danse, et de la contribution essentielle de la culture \u00e0 la coh\u00e9sion sociale et soci\u00e9tale. Dans le m\u00eame temps, la vuln\u00e9rabilit\u00e9 des syst\u00e8mes de prise en charge culturelle nous est ouvertement apparue \u2013 tant au niveau des travailleurs culturels que du r\u00e9seau d&rsquo;institutions.<\/p>\n<p>La culture a besoin du public et le public a besoin de culture. C\u2019est ainsi que la reprise progressive des activit\u00e9s dans le secteur culturel doit d\u00e9sormais jouer un r\u00f4le important dans le cadre du retour \u00e0 une nouvelle \u00ab normalit\u00e9 \u00bb, qui reste n\u00e9anmoins encore en grande partie inconnue. La mise en \u0153uvre des mesures de protection n\u00e9cessite cependant l\u2019\u00e9laboration de strat\u00e9gies diverses et vari\u00e9es. Un mus\u00e9e doit faire face \u00e0 des risques diff\u00e9rents de ceux d\u2019un orchestre. La lecture d\u2019un auteur, dans le cadre d\u2019une activit\u00e9 de m\u00e9diation propos\u00e9e par une biblioth\u00e8que, et la repr\u00e9sentation d\u2019une pi\u00e8ce de th\u00e9\u00e2tre doivent \u00eatre \u00e9valu\u00e9es diff\u00e9remment. De m\u00eame, un festival de danse ne peut pas \u00eatre compar\u00e9 \u00e0 un festival de cin\u00e9ma pour qui concerne les questions d\u2019organisation et d\u2019interaction avec le public.<\/p>\n<p>Plus particuli\u00e8rement en temps de crise, les institutions peuvent cr\u00e9er de la confiance, en misant \u00e0 la fois sur la continuit\u00e9 et l\u2019innovation. CULTURA s\u2019engage ainsi \u00e0 permettre le d\u00e9roulement des activit\u00e9s culturelles l\u00e0 o\u00f9 les mesures de protection peuvent \u00eatre maintenues. En tant qu\u2019association fa\u00eeti\u00e8re des organisations repr\u00e9sentant les int\u00e9r\u00eats des institutions culturelles suisse, CULTURA offre une plate-forme d\u2019\u00e9changes sur les concepts de protection \u00e9labor\u00e9s et encourage la mise en r\u00e9seau et l\u2019\u00e9change entre les diff\u00e9rents secteurs. La diversit\u00e9 de la cr\u00e9ation culturelle est essentielle dans cette phase si particuli\u00e8re de reprise.<\/p>\n<h2>Mesures visant \u00e0 att\u00e9nuer l\u2019impact \u00e9conomique dans le secteur culturel<\/h2>\n<p>Pendant la pand\u00e9mie de Covid19, l\u2019association CULTURA soutient activement le secteur culturel en crise, ses institutions et ses repr\u00e9sentants.<\/p>\n<p>Les personnes concern\u00e9es peuvent trouver des premiers contacts utiles et de plus amples informations sur le site web de l\u2019Office f\u00e9d\u00e9ral de la culture (OFC)<\/p>\n<ul>\n<li>\u00ab<a href=\"https:\/\/www.bak.admin.ch\/bak\/fr\/home\/themes\/covid19.html\" target=\"_blank\" rel=\"noopener noreferrer\">Mesures visant \u00e0 att\u00e9nuer l\u2019impact \u00e9conomique du coronavirus dans le secteur culturel<\/a>\u00bb<\/li>\n<li><a href=\"https:\/\/www.cultura.ch\/wp-content\/uploads\/2020\/04\/Tableau_OFC_FR.pdf\" target=\"_blank\" rel=\"noopener noreferrer\">Aper\u00e7u des mesures \u2013 qui peut soumettre o\u00f9 (PDF)<\/a><\/li>\n<\/ul>\n<h2>Mesures de protection pour la r\u00e9ouverte<\/h2>\n<ul>\n<li><a href=\"https:\/\/www.cultura.ch\/wp-content\/uploads\/2020\/06\/VMS_AMS_Plan_de_protection_FR_v03.pdf\">Association des mus\u00e9es suisses, AMS<\/a>\u00a0(PDF)<\/li>\n<li><a href=\"https:\/\/www.cultura.ch\/wp-content\/uploads\/2020\/06\/200605-Schutzkonzept_COVID-19_Theater_Konzert_Veranstaltung_V2_3.pdf\" target=\"_blank\" rel=\"noopener noreferrer\">schweizer verband technischer b\u00fchnen- und veranstaltungsberufe, svtb \/ Association Suisse des Orchestres Professionels<\/a>\u00a0(PDF, en allemand)<\/li>\n<li><a href=\"https:\/\/www.cultura.ch\/wp-content\/uploads\/2020\/06\/VSA_AAS_Plan_de_protection_2020-06-05.pdf\">Association des archivistes suisses, VSA-AAS<\/a> (PDF)<\/li>\n<\/ul>\n","protected":false},"excerpt":{"rendered":"<p>Reprise progressive des activit\u00e9s du secteur culturel public La culture est l\u2019un des secteurs les plus touch\u00e9s par l\u2019arr\u00eat des activit\u00e9s li\u00e9es \u00e0 la pand\u00e9mie de coronavirus. Les restrictions impos\u00e9es nous ont soudainement permis de prendre conscience de l\u2019importance des activit\u00e9s culturelles dans le cadre de notre vie quotidienne, du manque provoqu\u00e9 par l\u2019absence de &hellip; <a href=\"https:\/\/www.cultura.ch\/fr\/evenements\/la-crise-de-la-corona\/\" class=\"more-link\">Continuer la lecture de <span class=\"screen-reader-text\">La crise de la Corona<\/span>  <span class=\"meta-nav\">&rarr;<\/span><\/a><\/p>\n","protected":false},"author":7,"featured_media":0,"parent":613,"menu_order":25,"comment_status":"closed","ping_status":"closed","template":"","meta":{"iawp_total_views":20,"footnotes":""},"class_list":["post-1000","page","type-page","status-publish","hentry"],"yoast_head":"<!-- This site is optimized with the Yoast SEO plugin v27.5 - https:\/\/yoast.com\/product\/yoast-seo-wordpress\/ -->\n<title>La crise de la Corona - CULTURA<\/title>\n<meta name=\"robots\" content=\"index, follow, max-snippet:-1, max-image-preview:large, max-video-preview:-1\" \/>\n<link rel=\"canonical\" href=\"https:\/\/www.cultura.ch\/fr\/evenements\/la-crise-de-la-corona\/\" \/>\n<meta property=\"og:locale\" content=\"fr_FR\" \/>\n<meta property=\"og:type\" content=\"article\" \/>\n<meta property=\"og:title\" content=\"La crise de la Corona - CULTURA\" \/>\n<meta property=\"og:description\" content=\"Reprise progressive des activit\u00e9s du secteur culturel public La culture est l\u2019un des secteurs les plus touch\u00e9s par l\u2019arr\u00eat des activit\u00e9s li\u00e9es \u00e0 la pand\u00e9mie de coronavirus. Les restrictions impos\u00e9es nous ont soudainement permis de prendre conscience de l\u2019importance des activit\u00e9s culturelles dans le cadre de notre vie quotidienne, du manque provoqu\u00e9 par l\u2019absence de &hellip; Continuer la lecture de La crise de la Corona &rarr;\" \/>\n<meta property=\"og:url\" content=\"https:\/\/www.cultura.ch\/fr\/evenements\/la-crise-de-la-corona\/\" \/>\n<meta property=\"og:site_name\" content=\"CULTURA\" \/>\n<meta property=\"article:modified_time\" content=\"2020-06-12T06:53:04+00:00\" \/>\n<meta name=\"twitter:label1\" content=\"Dur\u00e9e de lecture estim\u00e9e\" \/>\n\t<meta name=\"twitter:data1\" content=\"3 minutes\" \/>\n<script type=\"application\/ld+json\" class=\"yoast-schema-graph\">{\"@context\":\"https:\\\/\\\/schema.org\",\"@graph\":[{\"@type\":\"WebPage\",\"@id\":\"https:\\\/\\\/www.cultura.ch\\\/fr\\\/evenements\\\/la-crise-de-la-corona\\\/\",\"url\":\"https:\\\/\\\/www.cultura.ch\\\/fr\\\/evenements\\\/la-crise-de-la-corona\\\/\",\"name\":\"La crise de la Corona - CULTURA\",\"isPartOf\":{\"@id\":\"https:\\\/\\\/www.cultura.ch\\\/fr\\\/#website\"},\"datePublished\":\"2020-05-01T11:49:32+00:00\",\"dateModified\":\"2020-06-12T06:53:04+00:00\",\"breadcrumb\":{\"@id\":\"https:\\\/\\\/www.cultura.ch\\\/fr\\\/evenements\\\/la-crise-de-la-corona\\\/#breadcrumb\"},\"inLanguage\":\"fr-FR\",\"potentialAction\":[{\"@type\":\"ReadAction\",\"target\":[\"https:\\\/\\\/www.cultura.ch\\\/fr\\\/evenements\\\/la-crise-de-la-corona\\\/\"]}]},{\"@type\":\"BreadcrumbList\",\"@id\":\"https:\\\/\\\/www.cultura.ch\\\/fr\\\/evenements\\\/la-crise-de-la-corona\\\/#breadcrumb\",\"itemListElement\":[{\"@type\":\"ListItem\",\"position\":1,\"name\":\"Startseite\",\"item\":\"https:\\\/\\\/www.cultura.ch\\\/fr\\\/\"},{\"@type\":\"ListItem\",\"position\":2,\"name\":\"La crise de la Corona\"}]},{\"@type\":\"WebSite\",\"@id\":\"https:\\\/\\\/www.cultura.ch\\\/fr\\\/#website\",\"url\":\"https:\\\/\\\/www.cultura.ch\\\/fr\\\/\",\"name\":\"CULTURA\",\"description\":\"Dachverband f\u00fcr die Interessenverb\u00e4nde der Schweizer Kulturinstitutionen\",\"potentialAction\":[{\"@type\":\"SearchAction\",\"target\":{\"@type\":\"EntryPoint\",\"urlTemplate\":\"https:\\\/\\\/www.cultura.ch\\\/fr\\\/?s={search_term_string}\"},\"query-input\":{\"@type\":\"PropertyValueSpecification\",\"valueRequired\":true,\"valueName\":\"search_term_string\"}}],\"inLanguage\":\"fr-FR\"}]}<\/script>\n<!-- \/ Yoast SEO plugin. -->","yoast_head_json":{"title":"La crise de la Corona - CULTURA","robots":{"index":"index","follow":"follow","max-snippet":"max-snippet:-1","max-image-preview":"max-image-preview:large","max-video-preview":"max-video-preview:-1"},"canonical":"https:\/\/www.cultura.ch\/fr\/evenements\/la-crise-de-la-corona\/","og_locale":"fr_FR","og_type":"article","og_title":"La crise de la Corona - CULTURA","og_description":"Reprise progressive des activit\u00e9s du secteur culturel public La culture est l\u2019un des secteurs les plus touch\u00e9s par l\u2019arr\u00eat des activit\u00e9s li\u00e9es \u00e0 la pand\u00e9mie de coronavirus. Les restrictions impos\u00e9es nous ont soudainement permis de prendre conscience de l\u2019importance des activit\u00e9s culturelles dans le cadre de notre vie quotidienne, du manque provoqu\u00e9 par l\u2019absence de &hellip; Continuer la lecture de La crise de la Corona &rarr;","og_url":"https:\/\/www.cultura.ch\/fr\/evenements\/la-crise-de-la-corona\/","og_site_name":"CULTURA","article_modified_time":"2020-06-12T06:53:04+00:00","twitter_misc":{"Dur\u00e9e de lecture estim\u00e9e":"3 minutes"},"schema":{"@context":"https:\/\/schema.org","@graph":[{"@type":"WebPage","@id":"https:\/\/www.cultura.ch\/fr\/evenements\/la-crise-de-la-corona\/","url":"https:\/\/www.cultura.ch\/fr\/evenements\/la-crise-de-la-corona\/","name":"La crise de la Corona - CULTURA","isPartOf":{"@id":"https:\/\/www.cultura.ch\/fr\/#website"},"datePublished":"2020-05-01T11:49:32+00:00","dateModified":"2020-06-12T06:53:04+00:00","breadcrumb":{"@id":"https:\/\/www.cultura.ch\/fr\/evenements\/la-crise-de-la-corona\/#breadcrumb"},"inLanguage":"fr-FR","potentialAction":[{"@type":"ReadAction","target":["https:\/\/www.cultura.ch\/fr\/evenements\/la-crise-de-la-corona\/"]}]},{"@type":"BreadcrumbList","@id":"https:\/\/www.cultura.ch\/fr\/evenements\/la-crise-de-la-corona\/#breadcrumb","itemListElement":[{"@type":"ListItem","position":1,"name":"Startseite","item":"https:\/\/www.cultura.ch\/fr\/"},{"@type":"ListItem","position":2,"name":"La crise de la Corona"}]},{"@type":"WebSite","@id":"https:\/\/www.cultura.ch\/fr\/#website","url":"https:\/\/www.cultura.ch\/fr\/","name":"CULTURA","description":"Dachverband f\u00fcr die Interessenverb\u00e4nde der Schweizer Kulturinstitutionen","potentialAction":[{"@type":"SearchAction","target":{"@type":"EntryPoint","urlTemplate":"https:\/\/www.cultura.ch\/fr\/?s={search_term_string}"},"query-input":{"@type":"PropertyValueSpecification","valueRequired":true,"valueName":"search_term_string"}}],"inLanguage":"fr-FR"}]}},"_links":{"self":[{"href":"https:\/\/www.cultura.ch\/fr\/wp-json\/wp\/v2\/pages\/1000","targetHints":{"allow":["GET"]}}],"collection":[{"href":"https:\/\/www.cultura.ch\/fr\/wp-json\/wp\/v2\/pages"}],"about":[{"href":"https:\/\/www.cultura.ch\/fr\/wp-json\/wp\/v2\/types\/page"}],"author":[{"embeddable":true,"href":"https:\/\/www.cultura.ch\/fr\/wp-json\/wp\/v2\/users\/7"}],"replies":[{"embeddable":true,"href":"https:\/\/www.cultura.ch\/fr\/wp-json\/wp\/v2\/comments?post=1000"}],"version-history":[{"count":5,"href":"https:\/\/www.cultura.ch\/fr\/wp-json\/wp\/v2\/pages\/1000\/revisions"}],"predecessor-version":[{"id":1072,"href":"https:\/\/www.cultura.ch\/fr\/wp-json\/wp\/v2\/pages\/1000\/revisions\/1072"}],"up":[{"embeddable":true,"href":"https:\/\/www.cultura.ch\/fr\/wp-json\/wp\/v2\/pages\/613"}],"wp:attachment":[{"href":"https:\/\/www.cultura.ch\/fr\/wp-json\/wp\/v2\/media?parent=1000"}],"curies":[{"name":"wp","href":"https:\/\/api.w.org\/{rel}","templated":true}]}}