{"id":47,"date":"2014-07-14T11:05:46","date_gmt":"2014-07-14T09:05:46","guid":{"rendered":"http:\/\/cultura.stage.futurecom.info\/?page_id=47"},"modified":"2023-12-08T15:21:52","modified_gmt":"2023-12-08T14:21:52","slug":"cultura","status":"publish","type":"page","link":"https:\/\/www.cultura.ch\/fr\/","title":{"rendered":"Accueil"},"content":{"rendered":"<p style=\"font-weight: 400;\"><strong>Bienvenue chez +cultura <\/strong><\/p>\n<p style=\"font-weight: 400;\">+cultura est l&rsquo;association fa\u00eeti\u00e8re des institutions culturelles et de m\u00e9moire de Suisse.<\/p>\n<p style=\"font-weight: 400;\">+cultura est leur voix commune transdisciplinaire et repr\u00e9sente leurs int\u00e9r\u00eats culturels, politiques, juridiques et \u00e9conomiques.<\/p>\n<p style=\"font-weight: 400;\">+cultura fait en sorte que la cr\u00e9ation culturelle soit per\u00e7ue dans sa pertinence et sa diversit\u00e9, qu&rsquo;elle soit encourag\u00e9e, qu&rsquo;elle puisse d\u00e9ployer ses effets et que le patrimoine culturel soit pr\u00e9serv\u00e9.<\/p>\n","protected":false},"excerpt":{"rendered":"<p>Bienvenue chez +cultura +cultura est l&rsquo;association fa\u00eeti\u00e8re des institutions culturelles et de m\u00e9moire de Suisse. +cultura est leur voix commune transdisciplinaire et repr\u00e9sente leurs int\u00e9r\u00eats culturels, politiques, juridiques et \u00e9conomiques. +cultura fait en sorte que la cr\u00e9ation culturelle soit per\u00e7ue dans sa pertinence et sa diversit\u00e9, qu&rsquo;elle soit encourag\u00e9e, qu&rsquo;elle puisse d\u00e9ployer ses effets et &hellip; <a href=\"https:\/\/www.cultura.ch\/fr\/\" class=\"more-link\">Continuer la lecture de <span class=\"screen-reader-text\">Accueil<\/span>  <span class=\"meta-nav\">&rarr;<\/span><\/a><\/p>\n","protected":false},"author":7,"featured_media":0,"parent":0,"menu_order":18,"comment_status":"closed","ping_status":"closed","template":"","meta":{"iawp_total_views":1513,"footnotes":""},"class_list":["post-47","page","type-page","status-publish","hentry"],"yoast_head":"<!-- This site is optimized with the Yoast SEO plugin v27.4 - https:\/\/yoast.com\/product\/yoast-seo-wordpress\/ -->\n<title>CULTURA - l\u2019association fa\u00eeti\u00e8re des institutions culturelles suisses<\/title>\n<meta name=\"description\" content=\"\u00ab CULTURA \u00bb est l\u2019association fa\u00eeti\u00e8re des organisations repr\u00e9sentant les int\u00e9r\u00eats des institutions culturelles suisses.\" \/>\n<meta name=\"robots\" content=\"index, follow, max-snippet:-1, max-image-preview:large, max-video-preview:-1\" \/>\n<link rel=\"canonical\" href=\"https:\/\/www.cultura.ch\/fr\/\" \/>\n<meta property=\"og:locale\" content=\"fr_FR\" \/>\n<meta property=\"og:type\" content=\"article\" \/>\n<meta property=\"og:title\" content=\"CULTURA - l\u2019association fa\u00eeti\u00e8re des institutions culturelles suisses\" \/>\n<meta property=\"og:description\" content=\"\u00ab CULTURA \u00bb est l\u2019association fa\u00eeti\u00e8re des organisations repr\u00e9sentant les int\u00e9r\u00eats des institutions culturelles suisses.\" \/>\n<meta property=\"og:url\" content=\"https:\/\/www.cultura.ch\/fr\/\" \/>\n<meta property=\"og:site_name\" content=\"CULTURA\" \/>\n<meta property=\"article:modified_time\" content=\"2023-12-08T14:21:52+00:00\" \/>\n<meta name=\"twitter:label1\" content=\"Dur\u00e9e de lecture estim\u00e9e\" \/>\n\t<meta name=\"twitter:data1\" content=\"1 minute\" \/>\n<script type=\"application\/ld+json\" class=\"yoast-schema-graph\">{\"@context\":\"https:\\\/\\\/schema.org\",\"@graph\":[{\"@type\":\"WebPage\",\"@id\":\"https:\\\/\\\/www.cultura.ch\\\/fr\\\/\",\"url\":\"https:\\\/\\\/www.cultura.ch\\\/fr\\\/\",\"name\":\"CULTURA - l\u2019association fa\u00eeti\u00e8re des institutions culturelles suisses\",\"isPartOf\":{\"@id\":\"https:\\\/\\\/www.cultura.ch\\\/fr\\\/#website\"},\"datePublished\":\"2014-07-14T09:05:46+00:00\",\"dateModified\":\"2023-12-08T14:21:52+00:00\",\"description\":\"\u00ab CULTURA \u00bb est l\u2019association fa\u00eeti\u00e8re des organisations repr\u00e9sentant les int\u00e9r\u00eats des institutions culturelles suisses.\",\"breadcrumb\":{\"@id\":\"https:\\\/\\\/www.cultura.ch\\\/fr\\\/#breadcrumb\"},\"inLanguage\":\"fr-FR\",\"potentialAction\":[{\"@type\":\"ReadAction\",\"target\":[\"https:\\\/\\\/www.cultura.ch\\\/fr\\\/\"]}]},{\"@type\":\"BreadcrumbList\",\"@id\":\"https:\\\/\\\/www.cultura.ch\\\/fr\\\/#breadcrumb\",\"itemListElement\":[{\"@type\":\"ListItem\",\"position\":1,\"name\":\"Startseite\",\"item\":\"https:\\\/\\\/www.cultura.ch\\\/fr\\\/\"},{\"@type\":\"ListItem\",\"position\":2,\"name\":\"Accueil\"}]},{\"@type\":\"WebSite\",\"@id\":\"https:\\\/\\\/www.cultura.ch\\\/fr\\\/#website\",\"url\":\"https:\\\/\\\/www.cultura.ch\\\/fr\\\/\",\"name\":\"CULTURA\",\"description\":\"Dachverband f\u00fcr die Interessenverb\u00e4nde der Schweizer Kulturinstitutionen\",\"potentialAction\":[{\"@type\":\"SearchAction\",\"target\":{\"@type\":\"EntryPoint\",\"urlTemplate\":\"https:\\\/\\\/www.cultura.ch\\\/fr\\\/?s={search_term_string}\"},\"query-input\":{\"@type\":\"PropertyValueSpecification\",\"valueRequired\":true,\"valueName\":\"search_term_string\"}}],\"inLanguage\":\"fr-FR\"}]}<\/script>\n<!-- \/ Yoast SEO plugin. -->","yoast_head_json":{"title":"CULTURA - l\u2019association fa\u00eeti\u00e8re des institutions culturelles suisses","description":"\u00ab CULTURA \u00bb est l\u2019association fa\u00eeti\u00e8re des organisations repr\u00e9sentant les int\u00e9r\u00eats des institutions culturelles suisses.","robots":{"index":"index","follow":"follow","max-snippet":"max-snippet:-1","max-image-preview":"max-image-preview:large","max-video-preview":"max-video-preview:-1"},"canonical":"https:\/\/www.cultura.ch\/fr\/","og_locale":"fr_FR","og_type":"article","og_title":"CULTURA - l\u2019association fa\u00eeti\u00e8re des institutions culturelles suisses","og_description":"\u00ab CULTURA \u00bb est l\u2019association fa\u00eeti\u00e8re des organisations repr\u00e9sentant les int\u00e9r\u00eats des institutions culturelles suisses.","og_url":"https:\/\/www.cultura.ch\/fr\/","og_site_name":"CULTURA","article_modified_time":"2023-12-08T14:21:52+00:00","twitter_misc":{"Dur\u00e9e de lecture estim\u00e9e":"1 minute"},"schema":{"@context":"https:\/\/schema.org","@graph":[{"@type":"WebPage","@id":"https:\/\/www.cultura.ch\/fr\/","url":"https:\/\/www.cultura.ch\/fr\/","name":"CULTURA - l\u2019association fa\u00eeti\u00e8re des institutions culturelles suisses","isPartOf":{"@id":"https:\/\/www.cultura.ch\/fr\/#website"},"datePublished":"2014-07-14T09:05:46+00:00","dateModified":"2023-12-08T14:21:52+00:00","description":"\u00ab CULTURA \u00bb est l\u2019association fa\u00eeti\u00e8re des organisations repr\u00e9sentant les int\u00e9r\u00eats des institutions culturelles suisses.","breadcrumb":{"@id":"https:\/\/www.cultura.ch\/fr\/#breadcrumb"},"inLanguage":"fr-FR","potentialAction":[{"@type":"ReadAction","target":["https:\/\/www.cultura.ch\/fr\/"]}]},{"@type":"BreadcrumbList","@id":"https:\/\/www.cultura.ch\/fr\/#breadcrumb","itemListElement":[{"@type":"ListItem","position":1,"name":"Startseite","item":"https:\/\/www.cultura.ch\/fr\/"},{"@type":"ListItem","position":2,"name":"Accueil"}]},{"@type":"WebSite","@id":"https:\/\/www.cultura.ch\/fr\/#website","url":"https:\/\/www.cultura.ch\/fr\/","name":"CULTURA","description":"Dachverband f\u00fcr die Interessenverb\u00e4nde der Schweizer Kulturinstitutionen","potentialAction":[{"@type":"SearchAction","target":{"@type":"EntryPoint","urlTemplate":"https:\/\/www.cultura.ch\/fr\/?s={search_term_string}"},"query-input":{"@type":"PropertyValueSpecification","valueRequired":true,"valueName":"search_term_string"}}],"inLanguage":"fr-FR"}]}},"_links":{"self":[{"href":"https:\/\/www.cultura.ch\/fr\/wp-json\/wp\/v2\/pages\/47","targetHints":{"allow":["GET"]}}],"collection":[{"href":"https:\/\/www.cultura.ch\/fr\/wp-json\/wp\/v2\/pages"}],"about":[{"href":"https:\/\/www.cultura.ch\/fr\/wp-json\/wp\/v2\/types\/page"}],"author":[{"embeddable":true,"href":"https:\/\/www.cultura.ch\/fr\/wp-json\/wp\/v2\/users\/7"}],"replies":[{"embeddable":true,"href":"https:\/\/www.cultura.ch\/fr\/wp-json\/wp\/v2\/comments?post=47"}],"version-history":[{"count":14,"href":"https:\/\/www.cultura.ch\/fr\/wp-json\/wp\/v2\/pages\/47\/revisions"}],"predecessor-version":[{"id":2005,"href":"https:\/\/www.cultura.ch\/fr\/wp-json\/wp\/v2\/pages\/47\/revisions\/2005"}],"wp:attachment":[{"href":"https:\/\/www.cultura.ch\/fr\/wp-json\/wp\/v2\/media?parent=47"}],"curies":[{"name":"wp","href":"https:\/\/api.w.org\/{rel}","templated":true}]}}