{"id":474,"date":"2017-10-11T16:21:20","date_gmt":"2017-10-11T14:21:20","guid":{"rendered":"http:\/\/www.cultura.ch\/?page_id=474"},"modified":"2024-12-12T15:22:11","modified_gmt":"2024-12-12T14:22:11","slug":"cultura-2","status":"publish","type":"page","link":"https:\/\/www.cultura.ch\/fr\/cultura-2\/","title":{"rendered":"+CULTURA"},"content":{"rendered":"<p>\u00ab CULTURA \u00bb est l\u2019association fa\u00eeti\u00e8re des organisations repr\u00e9sentant les int\u00e9r\u00eats des institutions culturelles suisses. CULTURA souhaite donner une voix commune aux th\u00e9\u00e2tres professionnels, orchestres et organisateurs de concerts, aux mus\u00e9es, biblioth\u00e8ques et hautes \u00e9coles d\u2019arts, au niveau national et tous domaines confondus, mais aussi d\u00e9fendre leurs int\u00e9r\u00eats en mati\u00e8re de politique culturelle ainsi que sur le plan juridique et \u00e9conomique.<\/p>\n<p><a href=\"https:\/\/www.cultura.ch\/fr\/cultura-2\/lignes-directrices\/\">Lignes directrices<\/a><\/p>\n<p><a href=\"https:\/\/www.cultura.ch\/fr\/cultura-2\/statuts\/\">Statuts<\/a><\/p>\n<p><a href=\"https:\/\/www.cultura.ch\/fr\/cultura-2\/comite\/\">Comit\u00e9<\/a><\/p>\n<p><a href=\"https:\/\/www.cultura.ch\/fr\/cultura-2\/rapports-annuels\/\">Rapports annuels<\/a><\/p>\n","protected":false},"excerpt":{"rendered":"<p>\u00ab CULTURA \u00bb est l\u2019association fa\u00eeti\u00e8re des organisations repr\u00e9sentant les int\u00e9r\u00eats des institutions culturelles suisses. CULTURA souhaite donner une voix commune aux th\u00e9\u00e2tres professionnels, orchestres et organisateurs de concerts, aux mus\u00e9es, biblioth\u00e8ques et hautes \u00e9coles d\u2019arts, au niveau national et tous domaines confondus, mais aussi d\u00e9fendre leurs int\u00e9r\u00eats en mati\u00e8re de politique culturelle ainsi que &hellip; <a href=\"https:\/\/www.cultura.ch\/fr\/cultura-2\/\" class=\"more-link\">Continuer la lecture de <span class=\"screen-reader-text\">+CULTURA<\/span>  <span class=\"meta-nav\">&rarr;<\/span><\/a><\/p>\n","protected":false},"author":7,"featured_media":0,"parent":0,"menu_order":84,"comment_status":"closed","ping_status":"closed","template":"","meta":{"iawp_total_views":43,"footnotes":""},"class_list":["post-474","page","type-page","status-publish","hentry"],"yoast_head":"<!-- This site is optimized with the Yoast SEO plugin v27.4 - https:\/\/yoast.com\/product\/yoast-seo-wordpress\/ -->\n<title>+CULTURA - CULTURA<\/title>\n<meta name=\"robots\" content=\"index, follow, max-snippet:-1, max-image-preview:large, max-video-preview:-1\" \/>\n<link rel=\"canonical\" href=\"https:\/\/www.cultura.ch\/fr\/cultura-2\/\" \/>\n<meta property=\"og:locale\" content=\"fr_FR\" \/>\n<meta property=\"og:type\" content=\"article\" \/>\n<meta property=\"og:title\" content=\"+CULTURA - CULTURA\" \/>\n<meta property=\"og:description\" content=\"\u00ab CULTURA \u00bb est l\u2019association fa\u00eeti\u00e8re des organisations repr\u00e9sentant les int\u00e9r\u00eats des institutions culturelles suisses. CULTURA souhaite donner une voix commune aux th\u00e9\u00e2tres professionnels, orchestres et organisateurs de concerts, aux mus\u00e9es, biblioth\u00e8ques et hautes \u00e9coles d\u2019arts, au niveau national et tous domaines confondus, mais aussi d\u00e9fendre leurs int\u00e9r\u00eats en mati\u00e8re de politique culturelle ainsi que &hellip; Continuer la lecture de +CULTURA &rarr;\" \/>\n<meta property=\"og:url\" content=\"https:\/\/www.cultura.ch\/fr\/cultura-2\/\" \/>\n<meta property=\"og:site_name\" content=\"CULTURA\" \/>\n<meta property=\"article:modified_time\" content=\"2024-12-12T14:22:11+00:00\" \/>\n<meta name=\"twitter:label1\" content=\"Dur\u00e9e de lecture estim\u00e9e\" \/>\n\t<meta name=\"twitter:data1\" content=\"1 minute\" \/>\n<script type=\"application\/ld+json\" class=\"yoast-schema-graph\">{\"@context\":\"https:\\\/\\\/schema.org\",\"@graph\":[{\"@type\":\"WebPage\",\"@id\":\"https:\\\/\\\/www.cultura.ch\\\/fr\\\/cultura-2\\\/\",\"url\":\"https:\\\/\\\/www.cultura.ch\\\/fr\\\/cultura-2\\\/\",\"name\":\"+CULTURA - CULTURA\",\"isPartOf\":{\"@id\":\"https:\\\/\\\/www.cultura.ch\\\/fr\\\/#website\"},\"datePublished\":\"2017-10-11T14:21:20+00:00\",\"dateModified\":\"2024-12-12T14:22:11+00:00\",\"breadcrumb\":{\"@id\":\"https:\\\/\\\/www.cultura.ch\\\/fr\\\/cultura-2\\\/#breadcrumb\"},\"inLanguage\":\"fr-FR\",\"potentialAction\":[{\"@type\":\"ReadAction\",\"target\":[\"https:\\\/\\\/www.cultura.ch\\\/fr\\\/cultura-2\\\/\"]}]},{\"@type\":\"BreadcrumbList\",\"@id\":\"https:\\\/\\\/www.cultura.ch\\\/fr\\\/cultura-2\\\/#breadcrumb\",\"itemListElement\":[{\"@type\":\"ListItem\",\"position\":1,\"name\":\"Startseite\",\"item\":\"https:\\\/\\\/www.cultura.ch\\\/fr\\\/\"},{\"@type\":\"ListItem\",\"position\":2,\"name\":\"+CULTURA\"}]},{\"@type\":\"WebSite\",\"@id\":\"https:\\\/\\\/www.cultura.ch\\\/fr\\\/#website\",\"url\":\"https:\\\/\\\/www.cultura.ch\\\/fr\\\/\",\"name\":\"CULTURA\",\"description\":\"Dachverband f\u00fcr die Interessenverb\u00e4nde der Schweizer Kulturinstitutionen\",\"potentialAction\":[{\"@type\":\"SearchAction\",\"target\":{\"@type\":\"EntryPoint\",\"urlTemplate\":\"https:\\\/\\\/www.cultura.ch\\\/fr\\\/?s={search_term_string}\"},\"query-input\":{\"@type\":\"PropertyValueSpecification\",\"valueRequired\":true,\"valueName\":\"search_term_string\"}}],\"inLanguage\":\"fr-FR\"}]}<\/script>\n<!-- \/ Yoast SEO plugin. -->","yoast_head_json":{"title":"+CULTURA - CULTURA","robots":{"index":"index","follow":"follow","max-snippet":"max-snippet:-1","max-image-preview":"max-image-preview:large","max-video-preview":"max-video-preview:-1"},"canonical":"https:\/\/www.cultura.ch\/fr\/cultura-2\/","og_locale":"fr_FR","og_type":"article","og_title":"+CULTURA - CULTURA","og_description":"\u00ab CULTURA \u00bb est l\u2019association fa\u00eeti\u00e8re des organisations repr\u00e9sentant les int\u00e9r\u00eats des institutions culturelles suisses. CULTURA souhaite donner une voix commune aux th\u00e9\u00e2tres professionnels, orchestres et organisateurs de concerts, aux mus\u00e9es, biblioth\u00e8ques et hautes \u00e9coles d\u2019arts, au niveau national et tous domaines confondus, mais aussi d\u00e9fendre leurs int\u00e9r\u00eats en mati\u00e8re de politique culturelle ainsi que &hellip; Continuer la lecture de +CULTURA &rarr;","og_url":"https:\/\/www.cultura.ch\/fr\/cultura-2\/","og_site_name":"CULTURA","article_modified_time":"2024-12-12T14:22:11+00:00","twitter_misc":{"Dur\u00e9e de lecture estim\u00e9e":"1 minute"},"schema":{"@context":"https:\/\/schema.org","@graph":[{"@type":"WebPage","@id":"https:\/\/www.cultura.ch\/fr\/cultura-2\/","url":"https:\/\/www.cultura.ch\/fr\/cultura-2\/","name":"+CULTURA - CULTURA","isPartOf":{"@id":"https:\/\/www.cultura.ch\/fr\/#website"},"datePublished":"2017-10-11T14:21:20+00:00","dateModified":"2024-12-12T14:22:11+00:00","breadcrumb":{"@id":"https:\/\/www.cultura.ch\/fr\/cultura-2\/#breadcrumb"},"inLanguage":"fr-FR","potentialAction":[{"@type":"ReadAction","target":["https:\/\/www.cultura.ch\/fr\/cultura-2\/"]}]},{"@type":"BreadcrumbList","@id":"https:\/\/www.cultura.ch\/fr\/cultura-2\/#breadcrumb","itemListElement":[{"@type":"ListItem","position":1,"name":"Startseite","item":"https:\/\/www.cultura.ch\/fr\/"},{"@type":"ListItem","position":2,"name":"+CULTURA"}]},{"@type":"WebSite","@id":"https:\/\/www.cultura.ch\/fr\/#website","url":"https:\/\/www.cultura.ch\/fr\/","name":"CULTURA","description":"Dachverband f\u00fcr die Interessenverb\u00e4nde der Schweizer Kulturinstitutionen","potentialAction":[{"@type":"SearchAction","target":{"@type":"EntryPoint","urlTemplate":"https:\/\/www.cultura.ch\/fr\/?s={search_term_string}"},"query-input":{"@type":"PropertyValueSpecification","valueRequired":true,"valueName":"search_term_string"}}],"inLanguage":"fr-FR"}]}},"_links":{"self":[{"href":"https:\/\/www.cultura.ch\/fr\/wp-json\/wp\/v2\/pages\/474","targetHints":{"allow":["GET"]}}],"collection":[{"href":"https:\/\/www.cultura.ch\/fr\/wp-json\/wp\/v2\/pages"}],"about":[{"href":"https:\/\/www.cultura.ch\/fr\/wp-json\/wp\/v2\/types\/page"}],"author":[{"embeddable":true,"href":"https:\/\/www.cultura.ch\/fr\/wp-json\/wp\/v2\/users\/7"}],"replies":[{"embeddable":true,"href":"https:\/\/www.cultura.ch\/fr\/wp-json\/wp\/v2\/comments?post=474"}],"version-history":[{"count":3,"href":"https:\/\/www.cultura.ch\/fr\/wp-json\/wp\/v2\/pages\/474\/revisions"}],"predecessor-version":[{"id":4014,"href":"https:\/\/www.cultura.ch\/fr\/wp-json\/wp\/v2\/pages\/474\/revisions\/4014"}],"wp:attachment":[{"href":"https:\/\/www.cultura.ch\/fr\/wp-json\/wp\/v2\/media?parent=474"}],"curies":[{"name":"wp","href":"https:\/\/api.w.org\/{rel}","templated":true}]}}