{"id":485,"date":"2017-10-11T16:46:13","date_gmt":"2017-10-11T14:46:13","guid":{"rendered":"http:\/\/www.cultura.ch\/?page_id=485"},"modified":"2017-10-11T16:46:13","modified_gmt":"2017-10-11T14:46:13","slug":"boite-a-livres","status":"publish","type":"page","link":"https:\/\/www.cultura.ch\/fr\/evenements\/projets-avec-refugies\/boite-a-livres\/","title":{"rendered":"Bo\u00eete \u00e0 livres"},"content":{"rendered":"<p><a href=\"http:\/\/www.cultura.ch\/wp-content\/uploads\/2017\/10\/Buecherbox.png\"><img loading=\"lazy\" decoding=\"async\" class=\"alignnone size-full wp-image-421\" src=\"http:\/\/www.cultura.ch\/wp-content\/uploads\/2017\/10\/Buecherbox.png\" alt=\"B\u00fccherbox\" width=\"400\" height=\"401\" srcset=\"https:\/\/www.cultura.ch\/wp-content\/uploads\/2017\/10\/Buecherbox.png 400w, https:\/\/www.cultura.ch\/wp-content\/uploads\/2017\/10\/Buecherbox-150x150.png 150w, https:\/\/www.cultura.ch\/wp-content\/uploads\/2017\/10\/Buecherbox-300x300.png 300w\" sizes=\"auto, (max-width: 400px) 100vw, 400px\" \/><\/a><\/p>\n<p>Le canton de Berne compte actuellement 46 centres pour requ\u00e9rants d\u2019asile pouvant accueillir plus de 4000 personnes. Leurs exploitants sont confront\u00e9s \u00e0 une multitude de t\u00e2ches \u2013 le pr\u00eat de livres n\u2019est naturellement pas une priorit\u00e9. C\u2019est l\u00e0 qu\u2019intervient une association sp\u00e9cialement cr\u00e9\u00e9e \u00e0 cet effet, \u00abB\u00fccherboxen f\u00fcr Fl\u00fcchtlinge\u00bb, dont l\u2019objectif est le suivant: mettre \u00e0 disposition des r\u00e9fugi\u00e9s une offre biblioth\u00e9caire qui permettra notamment de soutenir leur int\u00e9gration linguistique et culturelle.<\/p>\n<p>Chaque \u00abbo\u00eete \u00e0 livres\u00bb renferme 40 \u00e0 50 nouveaux titres. Pour le choix des m\u00e9dias, ce qui compte, c\u2019est qu\u2019ils soient bilingues. Ces bo\u00eetes renferment, par exemple, des livres d\u2019images en deux langues, des livres de lecture \u00absonores\u00bb Tiptoi, des atlas, des guides de villes, des manuels d\u2019enseignement du fran\u00e7ais et des dictionnaires.<\/p>\n<p>Informations compl\u00e9mentaires: <a href=\"http:\/\/www.b\u00fccherbox.ch\/\" target=\"_blank\" rel=\"noopener\">Verein B\u00fccherboxen<\/a><\/p>\n","protected":false},"excerpt":{"rendered":"<p>Le canton de Berne compte actuellement 46 centres pour requ\u00e9rants d\u2019asile pouvant accueillir plus de 4000 personnes. Leurs exploitants sont confront\u00e9s \u00e0 une multitude de t\u00e2ches \u2013 le pr\u00eat de livres n\u2019est naturellement pas une priorit\u00e9. C\u2019est l\u00e0 qu\u2019intervient une association sp\u00e9cialement cr\u00e9\u00e9e \u00e0 cet effet, \u00abB\u00fccherboxen f\u00fcr Fl\u00fcchtlinge\u00bb, dont l\u2019objectif est le suivant: mettre &hellip; <a href=\"https:\/\/www.cultura.ch\/fr\/evenements\/projets-avec-refugies\/boite-a-livres\/\" class=\"more-link\">Continuer la lecture de <span class=\"screen-reader-text\">Bo\u00eete \u00e0 livres<\/span>  <span class=\"meta-nav\">&rarr;<\/span><\/a><\/p>\n","protected":false},"author":7,"featured_media":0,"parent":479,"menu_order":0,"comment_status":"closed","ping_status":"closed","template":"","meta":{"iawp_total_views":71,"footnotes":""},"class_list":["post-485","page","type-page","status-publish","hentry"],"yoast_head":"<!-- This site is optimized with the Yoast SEO plugin v27.4 - https:\/\/yoast.com\/product\/yoast-seo-wordpress\/ -->\n<title>Bo\u00eete \u00e0 livres - CULTURA<\/title>\n<meta name=\"robots\" content=\"index, follow, max-snippet:-1, max-image-preview:large, max-video-preview:-1\" \/>\n<link rel=\"canonical\" href=\"https:\/\/www.cultura.ch\/fr\/evenements\/projets-avec-refugies\/boite-a-livres\/\" \/>\n<meta property=\"og:locale\" content=\"fr_FR\" \/>\n<meta property=\"og:type\" content=\"article\" \/>\n<meta property=\"og:title\" content=\"Bo\u00eete \u00e0 livres - CULTURA\" \/>\n<meta property=\"og:description\" content=\"Le canton de Berne compte actuellement 46 centres pour requ\u00e9rants d\u2019asile pouvant accueillir plus de 4000 personnes. Leurs exploitants sont confront\u00e9s \u00e0 une multitude de t\u00e2ches \u2013 le pr\u00eat de livres n\u2019est naturellement pas une priorit\u00e9. C\u2019est l\u00e0 qu\u2019intervient une association sp\u00e9cialement cr\u00e9\u00e9e \u00e0 cet effet, \u00abB\u00fccherboxen f\u00fcr Fl\u00fcchtlinge\u00bb, dont l\u2019objectif est le suivant: mettre &hellip; Continuer la lecture de Bo\u00eete \u00e0 livres &rarr;\" \/>\n<meta property=\"og:url\" content=\"https:\/\/www.cultura.ch\/fr\/evenements\/projets-avec-refugies\/boite-a-livres\/\" \/>\n<meta property=\"og:site_name\" content=\"CULTURA\" \/>\n<meta property=\"og:image\" content=\"http:\/\/www.cultura.ch\/wp-content\/uploads\/2017\/10\/Buecherbox.png\" \/>\n<meta name=\"twitter:label1\" content=\"Dur\u00e9e de lecture estim\u00e9e\" \/>\n\t<meta name=\"twitter:data1\" content=\"1 minute\" \/>\n<script type=\"application\/ld+json\" class=\"yoast-schema-graph\">{\"@context\":\"https:\\\/\\\/schema.org\",\"@graph\":[{\"@type\":\"WebPage\",\"@id\":\"https:\\\/\\\/www.cultura.ch\\\/fr\\\/evenements\\\/projets-avec-refugies\\\/boite-a-livres\\\/\",\"url\":\"https:\\\/\\\/www.cultura.ch\\\/fr\\\/evenements\\\/projets-avec-refugies\\\/boite-a-livres\\\/\",\"name\":\"Bo\u00eete \u00e0 livres - CULTURA\",\"isPartOf\":{\"@id\":\"https:\\\/\\\/www.cultura.ch\\\/fr\\\/#website\"},\"primaryImageOfPage\":{\"@id\":\"https:\\\/\\\/www.cultura.ch\\\/fr\\\/evenements\\\/projets-avec-refugies\\\/boite-a-livres\\\/#primaryimage\"},\"image\":{\"@id\":\"https:\\\/\\\/www.cultura.ch\\\/fr\\\/evenements\\\/projets-avec-refugies\\\/boite-a-livres\\\/#primaryimage\"},\"thumbnailUrl\":\"http:\\\/\\\/www.cultura.ch\\\/wp-content\\\/uploads\\\/2017\\\/10\\\/Buecherbox.png\",\"datePublished\":\"2017-10-11T14:46:13+00:00\",\"breadcrumb\":{\"@id\":\"https:\\\/\\\/www.cultura.ch\\\/fr\\\/evenements\\\/projets-avec-refugies\\\/boite-a-livres\\\/#breadcrumb\"},\"inLanguage\":\"fr-FR\",\"potentialAction\":[{\"@type\":\"ReadAction\",\"target\":[\"https:\\\/\\\/www.cultura.ch\\\/fr\\\/evenements\\\/projets-avec-refugies\\\/boite-a-livres\\\/\"]}]},{\"@type\":\"ImageObject\",\"inLanguage\":\"fr-FR\",\"@id\":\"https:\\\/\\\/www.cultura.ch\\\/fr\\\/evenements\\\/projets-avec-refugies\\\/boite-a-livres\\\/#primaryimage\",\"url\":\"http:\\\/\\\/www.cultura.ch\\\/wp-content\\\/uploads\\\/2017\\\/10\\\/Buecherbox.png\",\"contentUrl\":\"http:\\\/\\\/www.cultura.ch\\\/wp-content\\\/uploads\\\/2017\\\/10\\\/Buecherbox.png\"},{\"@type\":\"BreadcrumbList\",\"@id\":\"https:\\\/\\\/www.cultura.ch\\\/fr\\\/evenements\\\/projets-avec-refugies\\\/boite-a-livres\\\/#breadcrumb\",\"itemListElement\":[{\"@type\":\"ListItem\",\"position\":1,\"name\":\"Startseite\",\"item\":\"https:\\\/\\\/www.cultura.ch\\\/fr\\\/\"},{\"@type\":\"ListItem\",\"position\":2,\"name\":\"Offres culturelles pour et avec les migrants et les requ\u00e9rants d\u2019asile\",\"item\":\"https:\\\/\\\/www.cultura.ch\\\/fr\\\/projets-avec-refugies\\\/\"},{\"@type\":\"ListItem\",\"position\":3,\"name\":\"Bo\u00eete \u00e0 livres\"}]},{\"@type\":\"WebSite\",\"@id\":\"https:\\\/\\\/www.cultura.ch\\\/fr\\\/#website\",\"url\":\"https:\\\/\\\/www.cultura.ch\\\/fr\\\/\",\"name\":\"CULTURA\",\"description\":\"Dachverband f\u00fcr die Interessenverb\u00e4nde der Schweizer Kulturinstitutionen\",\"potentialAction\":[{\"@type\":\"SearchAction\",\"target\":{\"@type\":\"EntryPoint\",\"urlTemplate\":\"https:\\\/\\\/www.cultura.ch\\\/fr\\\/?s={search_term_string}\"},\"query-input\":{\"@type\":\"PropertyValueSpecification\",\"valueRequired\":true,\"valueName\":\"search_term_string\"}}],\"inLanguage\":\"fr-FR\"}]}<\/script>\n<!-- \/ Yoast SEO plugin. -->","yoast_head_json":{"title":"Bo\u00eete \u00e0 livres - CULTURA","robots":{"index":"index","follow":"follow","max-snippet":"max-snippet:-1","max-image-preview":"max-image-preview:large","max-video-preview":"max-video-preview:-1"},"canonical":"https:\/\/www.cultura.ch\/fr\/evenements\/projets-avec-refugies\/boite-a-livres\/","og_locale":"fr_FR","og_type":"article","og_title":"Bo\u00eete \u00e0 livres - CULTURA","og_description":"Le canton de Berne compte actuellement 46 centres pour requ\u00e9rants d\u2019asile pouvant accueillir plus de 4000 personnes. Leurs exploitants sont confront\u00e9s \u00e0 une multitude de t\u00e2ches \u2013 le pr\u00eat de livres n\u2019est naturellement pas une priorit\u00e9. C\u2019est l\u00e0 qu\u2019intervient une association sp\u00e9cialement cr\u00e9\u00e9e \u00e0 cet effet, \u00abB\u00fccherboxen f\u00fcr Fl\u00fcchtlinge\u00bb, dont l\u2019objectif est le suivant: mettre &hellip; Continuer la lecture de Bo\u00eete \u00e0 livres &rarr;","og_url":"https:\/\/www.cultura.ch\/fr\/evenements\/projets-avec-refugies\/boite-a-livres\/","og_site_name":"CULTURA","og_image":[{"url":"http:\/\/www.cultura.ch\/wp-content\/uploads\/2017\/10\/Buecherbox.png","type":"","width":"","height":""}],"twitter_misc":{"Dur\u00e9e de lecture estim\u00e9e":"1 minute"},"schema":{"@context":"https:\/\/schema.org","@graph":[{"@type":"WebPage","@id":"https:\/\/www.cultura.ch\/fr\/evenements\/projets-avec-refugies\/boite-a-livres\/","url":"https:\/\/www.cultura.ch\/fr\/evenements\/projets-avec-refugies\/boite-a-livres\/","name":"Bo\u00eete \u00e0 livres - CULTURA","isPartOf":{"@id":"https:\/\/www.cultura.ch\/fr\/#website"},"primaryImageOfPage":{"@id":"https:\/\/www.cultura.ch\/fr\/evenements\/projets-avec-refugies\/boite-a-livres\/#primaryimage"},"image":{"@id":"https:\/\/www.cultura.ch\/fr\/evenements\/projets-avec-refugies\/boite-a-livres\/#primaryimage"},"thumbnailUrl":"http:\/\/www.cultura.ch\/wp-content\/uploads\/2017\/10\/Buecherbox.png","datePublished":"2017-10-11T14:46:13+00:00","breadcrumb":{"@id":"https:\/\/www.cultura.ch\/fr\/evenements\/projets-avec-refugies\/boite-a-livres\/#breadcrumb"},"inLanguage":"fr-FR","potentialAction":[{"@type":"ReadAction","target":["https:\/\/www.cultura.ch\/fr\/evenements\/projets-avec-refugies\/boite-a-livres\/"]}]},{"@type":"ImageObject","inLanguage":"fr-FR","@id":"https:\/\/www.cultura.ch\/fr\/evenements\/projets-avec-refugies\/boite-a-livres\/#primaryimage","url":"http:\/\/www.cultura.ch\/wp-content\/uploads\/2017\/10\/Buecherbox.png","contentUrl":"http:\/\/www.cultura.ch\/wp-content\/uploads\/2017\/10\/Buecherbox.png"},{"@type":"BreadcrumbList","@id":"https:\/\/www.cultura.ch\/fr\/evenements\/projets-avec-refugies\/boite-a-livres\/#breadcrumb","itemListElement":[{"@type":"ListItem","position":1,"name":"Startseite","item":"https:\/\/www.cultura.ch\/fr\/"},{"@type":"ListItem","position":2,"name":"Offres culturelles pour et avec les migrants et les requ\u00e9rants d\u2019asile","item":"https:\/\/www.cultura.ch\/fr\/projets-avec-refugies\/"},{"@type":"ListItem","position":3,"name":"Bo\u00eete \u00e0 livres"}]},{"@type":"WebSite","@id":"https:\/\/www.cultura.ch\/fr\/#website","url":"https:\/\/www.cultura.ch\/fr\/","name":"CULTURA","description":"Dachverband f\u00fcr die Interessenverb\u00e4nde der Schweizer Kulturinstitutionen","potentialAction":[{"@type":"SearchAction","target":{"@type":"EntryPoint","urlTemplate":"https:\/\/www.cultura.ch\/fr\/?s={search_term_string}"},"query-input":{"@type":"PropertyValueSpecification","valueRequired":true,"valueName":"search_term_string"}}],"inLanguage":"fr-FR"}]}},"_links":{"self":[{"href":"https:\/\/www.cultura.ch\/fr\/wp-json\/wp\/v2\/pages\/485","targetHints":{"allow":["GET"]}}],"collection":[{"href":"https:\/\/www.cultura.ch\/fr\/wp-json\/wp\/v2\/pages"}],"about":[{"href":"https:\/\/www.cultura.ch\/fr\/wp-json\/wp\/v2\/types\/page"}],"author":[{"embeddable":true,"href":"https:\/\/www.cultura.ch\/fr\/wp-json\/wp\/v2\/users\/7"}],"replies":[{"embeddable":true,"href":"https:\/\/www.cultura.ch\/fr\/wp-json\/wp\/v2\/comments?post=485"}],"version-history":[{"count":1,"href":"https:\/\/www.cultura.ch\/fr\/wp-json\/wp\/v2\/pages\/485\/revisions"}],"predecessor-version":[{"id":486,"href":"https:\/\/www.cultura.ch\/fr\/wp-json\/wp\/v2\/pages\/485\/revisions\/486"}],"up":[{"embeddable":true,"href":"https:\/\/www.cultura.ch\/fr\/wp-json\/wp\/v2\/pages\/479"}],"wp:attachment":[{"href":"https:\/\/www.cultura.ch\/fr\/wp-json\/wp\/v2\/media?parent=485"}],"curies":[{"name":"wp","href":"https:\/\/api.w.org\/{rel}","templated":true}]}}