{"id":487,"date":"2017-10-11T16:47:46","date_gmt":"2017-10-11T14:47:46","guid":{"rendered":"http:\/\/www.cultura.ch\/?page_id=487"},"modified":"2017-10-11T16:47:46","modified_gmt":"2017-10-11T14:47:46","slug":"le-chien-lecteur","status":"publish","type":"page","link":"https:\/\/www.cultura.ch\/fr\/evenements\/projets-avec-refugies\/le-chien-lecteur\/","title":{"rendered":"Le chien lecteur"},"content":{"rendered":"<p><a href=\"http:\/\/www.cultura.ch\/wp-content\/uploads\/2017\/10\/Lesehund.png\"><img loading=\"lazy\" decoding=\"async\" class=\"alignnone size-full wp-image-426\" src=\"http:\/\/www.cultura.ch\/wp-content\/uploads\/2017\/10\/Lesehund.png\" alt=\"Lesendes Kind mit Hund\" width=\"398\" height=\"469\" srcset=\"https:\/\/www.cultura.ch\/wp-content\/uploads\/2017\/10\/Lesehund.png 398w, https:\/\/www.cultura.ch\/wp-content\/uploads\/2017\/10\/Lesehund-255x300.png 255w\" sizes=\"auto, (max-width: 398px) 100vw, 398px\" \/><\/a><\/p>\n<p>A la Kornhausbibliothek de Berne, les enfants d\u2019une classe d\u2019int\u00e9gration ont la possibilit\u00e9, deux fois par mois, de faire la lecture \u00e0 un chien de th\u00e9rapie, et ainsi, d\u2019apprendre l\u2019allemand. Le projet \u00abHeure de lecture avec un chien\u00bb est facilement r\u00e9alisable. Les effets positifs se manifestent d\u00e9j\u00e0 au bout de quelques semaines.<\/p>\n<p>Une semaine sur deux, le mardi est un jour particulier pour les enfants de la classe d\u2019int\u00e9gration de l\u2019\u00e9cole du Spitalacker \u00e0 Berne. Des filles et des gar\u00e7ons de l\u2019\u00e9cole primaire \u00e2g\u00e9s de sept \u00e0 dix ans et provenant de pays d\u2019Afrique du Nord et du Moyen-Orient se rendent \u00e0 la Kornhausbibliothek avec leur institutrice. L\u00e0, ils racontent \u00e0 \u00ableur\u00bb chien des histoires qu\u2019ils ont pr\u00e9par\u00e9es auparavant \u00e0 l\u2019\u00e9cole. Ils ont encore de la peine \u00e0 lire, mais conter une histoire en s\u2019aidant de dessins est plus facile.<\/p>\n<p>Informations compl\u00e9mentaires: <a href=\"http:\/\/www.kornhausbibliotheken.ch\" target=\"_blank\" rel=\"noopener\">www.kornhausbibliotheken.ch<\/a><\/p>\n","protected":false},"excerpt":{"rendered":"<p>A la Kornhausbibliothek de Berne, les enfants d\u2019une classe d\u2019int\u00e9gration ont la possibilit\u00e9, deux fois par mois, de faire la lecture \u00e0 un chien de th\u00e9rapie, et ainsi, d\u2019apprendre l\u2019allemand. Le projet \u00abHeure de lecture avec un chien\u00bb est facilement r\u00e9alisable. Les effets positifs se manifestent d\u00e9j\u00e0 au bout de quelques semaines. Une semaine sur &hellip; <a href=\"https:\/\/www.cultura.ch\/fr\/evenements\/projets-avec-refugies\/le-chien-lecteur\/\" class=\"more-link\">Continuer la lecture de <span class=\"screen-reader-text\">Le chien lecteur<\/span>  <span class=\"meta-nav\">&rarr;<\/span><\/a><\/p>\n","protected":false},"author":7,"featured_media":0,"parent":479,"menu_order":0,"comment_status":"closed","ping_status":"closed","template":"","meta":{"iawp_total_views":80,"footnotes":""},"class_list":["post-487","page","type-page","status-publish","hentry"],"yoast_head":"<!-- This site is optimized with the Yoast SEO plugin v27.4 - https:\/\/yoast.com\/product\/yoast-seo-wordpress\/ -->\n<title>Le chien lecteur - CULTURA<\/title>\n<meta name=\"robots\" content=\"index, follow, max-snippet:-1, max-image-preview:large, max-video-preview:-1\" \/>\n<link rel=\"canonical\" href=\"https:\/\/www.cultura.ch\/fr\/evenements\/projets-avec-refugies\/le-chien-lecteur\/\" \/>\n<meta property=\"og:locale\" content=\"fr_FR\" \/>\n<meta property=\"og:type\" content=\"article\" \/>\n<meta property=\"og:title\" content=\"Le chien lecteur - CULTURA\" \/>\n<meta property=\"og:description\" content=\"A la Kornhausbibliothek de Berne, les enfants d\u2019une classe d\u2019int\u00e9gration ont la possibilit\u00e9, deux fois par mois, de faire la lecture \u00e0 un chien de th\u00e9rapie, et ainsi, d\u2019apprendre l\u2019allemand. Le projet \u00abHeure de lecture avec un chien\u00bb est facilement r\u00e9alisable. Les effets positifs se manifestent d\u00e9j\u00e0 au bout de quelques semaines. Une semaine sur &hellip; Continuer la lecture de Le chien lecteur &rarr;\" \/>\n<meta property=\"og:url\" content=\"https:\/\/www.cultura.ch\/fr\/evenements\/projets-avec-refugies\/le-chien-lecteur\/\" \/>\n<meta property=\"og:site_name\" content=\"CULTURA\" \/>\n<meta property=\"og:image\" content=\"http:\/\/www.cultura.ch\/wp-content\/uploads\/2017\/10\/Lesehund.png\" \/>\n<meta name=\"twitter:label1\" content=\"Dur\u00e9e de lecture estim\u00e9e\" \/>\n\t<meta name=\"twitter:data1\" content=\"1 minute\" \/>\n<script type=\"application\/ld+json\" class=\"yoast-schema-graph\">{\"@context\":\"https:\\\/\\\/schema.org\",\"@graph\":[{\"@type\":\"WebPage\",\"@id\":\"https:\\\/\\\/www.cultura.ch\\\/fr\\\/evenements\\\/projets-avec-refugies\\\/le-chien-lecteur\\\/\",\"url\":\"https:\\\/\\\/www.cultura.ch\\\/fr\\\/evenements\\\/projets-avec-refugies\\\/le-chien-lecteur\\\/\",\"name\":\"Le chien lecteur - CULTURA\",\"isPartOf\":{\"@id\":\"https:\\\/\\\/www.cultura.ch\\\/fr\\\/#website\"},\"primaryImageOfPage\":{\"@id\":\"https:\\\/\\\/www.cultura.ch\\\/fr\\\/evenements\\\/projets-avec-refugies\\\/le-chien-lecteur\\\/#primaryimage\"},\"image\":{\"@id\":\"https:\\\/\\\/www.cultura.ch\\\/fr\\\/evenements\\\/projets-avec-refugies\\\/le-chien-lecteur\\\/#primaryimage\"},\"thumbnailUrl\":\"http:\\\/\\\/www.cultura.ch\\\/wp-content\\\/uploads\\\/2017\\\/10\\\/Lesehund.png\",\"datePublished\":\"2017-10-11T14:47:46+00:00\",\"breadcrumb\":{\"@id\":\"https:\\\/\\\/www.cultura.ch\\\/fr\\\/evenements\\\/projets-avec-refugies\\\/le-chien-lecteur\\\/#breadcrumb\"},\"inLanguage\":\"fr-FR\",\"potentialAction\":[{\"@type\":\"ReadAction\",\"target\":[\"https:\\\/\\\/www.cultura.ch\\\/fr\\\/evenements\\\/projets-avec-refugies\\\/le-chien-lecteur\\\/\"]}]},{\"@type\":\"ImageObject\",\"inLanguage\":\"fr-FR\",\"@id\":\"https:\\\/\\\/www.cultura.ch\\\/fr\\\/evenements\\\/projets-avec-refugies\\\/le-chien-lecteur\\\/#primaryimage\",\"url\":\"http:\\\/\\\/www.cultura.ch\\\/wp-content\\\/uploads\\\/2017\\\/10\\\/Lesehund.png\",\"contentUrl\":\"http:\\\/\\\/www.cultura.ch\\\/wp-content\\\/uploads\\\/2017\\\/10\\\/Lesehund.png\"},{\"@type\":\"BreadcrumbList\",\"@id\":\"https:\\\/\\\/www.cultura.ch\\\/fr\\\/evenements\\\/projets-avec-refugies\\\/le-chien-lecteur\\\/#breadcrumb\",\"itemListElement\":[{\"@type\":\"ListItem\",\"position\":1,\"name\":\"Startseite\",\"item\":\"https:\\\/\\\/www.cultura.ch\\\/fr\\\/\"},{\"@type\":\"ListItem\",\"position\":2,\"name\":\"Offres culturelles pour et avec les migrants et les requ\u00e9rants d\u2019asile\",\"item\":\"https:\\\/\\\/www.cultura.ch\\\/fr\\\/projets-avec-refugies\\\/\"},{\"@type\":\"ListItem\",\"position\":3,\"name\":\"Le chien lecteur\"}]},{\"@type\":\"WebSite\",\"@id\":\"https:\\\/\\\/www.cultura.ch\\\/fr\\\/#website\",\"url\":\"https:\\\/\\\/www.cultura.ch\\\/fr\\\/\",\"name\":\"CULTURA\",\"description\":\"Dachverband f\u00fcr die Interessenverb\u00e4nde der Schweizer Kulturinstitutionen\",\"potentialAction\":[{\"@type\":\"SearchAction\",\"target\":{\"@type\":\"EntryPoint\",\"urlTemplate\":\"https:\\\/\\\/www.cultura.ch\\\/fr\\\/?s={search_term_string}\"},\"query-input\":{\"@type\":\"PropertyValueSpecification\",\"valueRequired\":true,\"valueName\":\"search_term_string\"}}],\"inLanguage\":\"fr-FR\"}]}<\/script>\n<!-- \/ Yoast SEO plugin. -->","yoast_head_json":{"title":"Le chien lecteur - CULTURA","robots":{"index":"index","follow":"follow","max-snippet":"max-snippet:-1","max-image-preview":"max-image-preview:large","max-video-preview":"max-video-preview:-1"},"canonical":"https:\/\/www.cultura.ch\/fr\/evenements\/projets-avec-refugies\/le-chien-lecteur\/","og_locale":"fr_FR","og_type":"article","og_title":"Le chien lecteur - CULTURA","og_description":"A la Kornhausbibliothek de Berne, les enfants d\u2019une classe d\u2019int\u00e9gration ont la possibilit\u00e9, deux fois par mois, de faire la lecture \u00e0 un chien de th\u00e9rapie, et ainsi, d\u2019apprendre l\u2019allemand. Le projet \u00abHeure de lecture avec un chien\u00bb est facilement r\u00e9alisable. Les effets positifs se manifestent d\u00e9j\u00e0 au bout de quelques semaines. Une semaine sur &hellip; Continuer la lecture de Le chien lecteur &rarr;","og_url":"https:\/\/www.cultura.ch\/fr\/evenements\/projets-avec-refugies\/le-chien-lecteur\/","og_site_name":"CULTURA","og_image":[{"url":"http:\/\/www.cultura.ch\/wp-content\/uploads\/2017\/10\/Lesehund.png","type":"","width":"","height":""}],"twitter_misc":{"Dur\u00e9e de lecture estim\u00e9e":"1 minute"},"schema":{"@context":"https:\/\/schema.org","@graph":[{"@type":"WebPage","@id":"https:\/\/www.cultura.ch\/fr\/evenements\/projets-avec-refugies\/le-chien-lecteur\/","url":"https:\/\/www.cultura.ch\/fr\/evenements\/projets-avec-refugies\/le-chien-lecteur\/","name":"Le chien lecteur - CULTURA","isPartOf":{"@id":"https:\/\/www.cultura.ch\/fr\/#website"},"primaryImageOfPage":{"@id":"https:\/\/www.cultura.ch\/fr\/evenements\/projets-avec-refugies\/le-chien-lecteur\/#primaryimage"},"image":{"@id":"https:\/\/www.cultura.ch\/fr\/evenements\/projets-avec-refugies\/le-chien-lecteur\/#primaryimage"},"thumbnailUrl":"http:\/\/www.cultura.ch\/wp-content\/uploads\/2017\/10\/Lesehund.png","datePublished":"2017-10-11T14:47:46+00:00","breadcrumb":{"@id":"https:\/\/www.cultura.ch\/fr\/evenements\/projets-avec-refugies\/le-chien-lecteur\/#breadcrumb"},"inLanguage":"fr-FR","potentialAction":[{"@type":"ReadAction","target":["https:\/\/www.cultura.ch\/fr\/evenements\/projets-avec-refugies\/le-chien-lecteur\/"]}]},{"@type":"ImageObject","inLanguage":"fr-FR","@id":"https:\/\/www.cultura.ch\/fr\/evenements\/projets-avec-refugies\/le-chien-lecteur\/#primaryimage","url":"http:\/\/www.cultura.ch\/wp-content\/uploads\/2017\/10\/Lesehund.png","contentUrl":"http:\/\/www.cultura.ch\/wp-content\/uploads\/2017\/10\/Lesehund.png"},{"@type":"BreadcrumbList","@id":"https:\/\/www.cultura.ch\/fr\/evenements\/projets-avec-refugies\/le-chien-lecteur\/#breadcrumb","itemListElement":[{"@type":"ListItem","position":1,"name":"Startseite","item":"https:\/\/www.cultura.ch\/fr\/"},{"@type":"ListItem","position":2,"name":"Offres culturelles pour et avec les migrants et les requ\u00e9rants d\u2019asile","item":"https:\/\/www.cultura.ch\/fr\/projets-avec-refugies\/"},{"@type":"ListItem","position":3,"name":"Le chien lecteur"}]},{"@type":"WebSite","@id":"https:\/\/www.cultura.ch\/fr\/#website","url":"https:\/\/www.cultura.ch\/fr\/","name":"CULTURA","description":"Dachverband f\u00fcr die Interessenverb\u00e4nde der Schweizer Kulturinstitutionen","potentialAction":[{"@type":"SearchAction","target":{"@type":"EntryPoint","urlTemplate":"https:\/\/www.cultura.ch\/fr\/?s={search_term_string}"},"query-input":{"@type":"PropertyValueSpecification","valueRequired":true,"valueName":"search_term_string"}}],"inLanguage":"fr-FR"}]}},"_links":{"self":[{"href":"https:\/\/www.cultura.ch\/fr\/wp-json\/wp\/v2\/pages\/487","targetHints":{"allow":["GET"]}}],"collection":[{"href":"https:\/\/www.cultura.ch\/fr\/wp-json\/wp\/v2\/pages"}],"about":[{"href":"https:\/\/www.cultura.ch\/fr\/wp-json\/wp\/v2\/types\/page"}],"author":[{"embeddable":true,"href":"https:\/\/www.cultura.ch\/fr\/wp-json\/wp\/v2\/users\/7"}],"replies":[{"embeddable":true,"href":"https:\/\/www.cultura.ch\/fr\/wp-json\/wp\/v2\/comments?post=487"}],"version-history":[{"count":1,"href":"https:\/\/www.cultura.ch\/fr\/wp-json\/wp\/v2\/pages\/487\/revisions"}],"predecessor-version":[{"id":488,"href":"https:\/\/www.cultura.ch\/fr\/wp-json\/wp\/v2\/pages\/487\/revisions\/488"}],"up":[{"embeddable":true,"href":"https:\/\/www.cultura.ch\/fr\/wp-json\/wp\/v2\/pages\/479"}],"wp:attachment":[{"href":"https:\/\/www.cultura.ch\/fr\/wp-json\/wp\/v2\/media?parent=487"}],"curies":[{"name":"wp","href":"https:\/\/api.w.org\/{rel}","templated":true}]}}