{"id":491,"date":"2017-10-11T16:50:32","date_gmt":"2017-10-11T14:50:32","guid":{"rendered":"http:\/\/www.cultura.ch\/?page_id=491"},"modified":"2017-10-11T16:50:32","modified_gmt":"2017-10-11T14:50:32","slug":"maxim-theater","status":"publish","type":"page","link":"https:\/\/www.cultura.ch\/fr\/evenements\/projets-avec-refugies\/maxim-theater\/","title":{"rendered":"Maxim Theater"},"content":{"rendered":"<p><a href=\"http:\/\/www.cultura.ch\/wp-content\/uploads\/2017\/10\/Maxim_Theater.jpg\"><img loading=\"lazy\" decoding=\"async\" class=\"alignnone size-full wp-image-436\" src=\"http:\/\/www.cultura.ch\/wp-content\/uploads\/2017\/10\/Maxim_Theater.jpg\" alt=\"\" width=\"640\" height=\"457\" srcset=\"https:\/\/www.cultura.ch\/wp-content\/uploads\/2017\/10\/Maxim_Theater.jpg 640w, https:\/\/www.cultura.ch\/wp-content\/uploads\/2017\/10\/Maxim_Theater-300x214.jpg 300w\" sizes=\"auto, (max-width: 640px) 100vw, 640px\" \/><\/a><\/p>\n<p>Le Maxim Theater de Zurich travaille depuis des ann\u00e9es avec la deuxi\u00e8me et troisi\u00e8me g\u00e9n\u00e9ration de migrants et est consid\u00e9r\u00e9 comme un lieu de production important, \u00e0 la fois plaque tournante et point de contact pour diverses communaut\u00e9s. Au moyen de spectacles de th\u00e9\u00e2tre et de manifestations portant sur des th\u00e8mes sociocritiques d\u2019actualit\u00e9, le dialogue est port\u00e9 devant le grand public, ce qui cr\u00e9e les conditions requises pour une participation culturelle des uns et des autres, avec l\u2019objectif de susciter un \u00e9change interculturel. Dans ses projets, le Maxim Theater travaille avec des personnes provenant de tous pays et de toutes classes sociales, et conf\u00e8re ainsi une voix et une visibilit\u00e9 aux exp\u00e9riences tr\u00e8s diff\u00e9rentes des migrants et \u00e0 leurs points de vue.<\/p>\n<p>Informations compl\u00e9mentaires: <a href=\"http:\/\/www.maximtheater.ch\" target=\"_blank\" rel=\"noopener\">www.maximtheater.ch<\/a><\/p>\n","protected":false},"excerpt":{"rendered":"<p>Le Maxim Theater de Zurich travaille depuis des ann\u00e9es avec la deuxi\u00e8me et troisi\u00e8me g\u00e9n\u00e9ration de migrants et est consid\u00e9r\u00e9 comme un lieu de production important, \u00e0 la fois plaque tournante et point de contact pour diverses communaut\u00e9s. Au moyen de spectacles de th\u00e9\u00e2tre et de manifestations portant sur des th\u00e8mes sociocritiques d\u2019actualit\u00e9, le dialogue &hellip; <a href=\"https:\/\/www.cultura.ch\/fr\/evenements\/projets-avec-refugies\/maxim-theater\/\" class=\"more-link\">Continuer la lecture de <span class=\"screen-reader-text\">Maxim Theater<\/span>  <span class=\"meta-nav\">&rarr;<\/span><\/a><\/p>\n","protected":false},"author":7,"featured_media":0,"parent":479,"menu_order":0,"comment_status":"closed","ping_status":"closed","template":"","meta":{"iawp_total_views":31,"footnotes":""},"class_list":["post-491","page","type-page","status-publish","hentry"],"yoast_head":"<!-- This site is optimized with the Yoast SEO plugin v27.6 - https:\/\/yoast.com\/product\/yoast-seo-wordpress\/ -->\n<title>Maxim Theater - CULTURA<\/title>\n<meta name=\"robots\" content=\"index, follow, max-snippet:-1, max-image-preview:large, max-video-preview:-1\" \/>\n<link rel=\"canonical\" href=\"https:\/\/www.cultura.ch\/fr\/evenements\/projets-avec-refugies\/maxim-theater\/\" \/>\n<meta property=\"og:locale\" content=\"fr_FR\" \/>\n<meta property=\"og:type\" content=\"article\" \/>\n<meta property=\"og:title\" content=\"Maxim Theater - CULTURA\" \/>\n<meta property=\"og:description\" content=\"Le Maxim Theater de Zurich travaille depuis des ann\u00e9es avec la deuxi\u00e8me et troisi\u00e8me g\u00e9n\u00e9ration de migrants et est consid\u00e9r\u00e9 comme un lieu de production important, \u00e0 la fois plaque tournante et point de contact pour diverses communaut\u00e9s. Au moyen de spectacles de th\u00e9\u00e2tre et de manifestations portant sur des th\u00e8mes sociocritiques d\u2019actualit\u00e9, le dialogue &hellip; Continuer la lecture de Maxim Theater &rarr;\" \/>\n<meta property=\"og:url\" content=\"https:\/\/www.cultura.ch\/fr\/evenements\/projets-avec-refugies\/maxim-theater\/\" \/>\n<meta property=\"og:site_name\" content=\"CULTURA\" \/>\n<meta property=\"og:image\" content=\"http:\/\/www.cultura.ch\/wp-content\/uploads\/2017\/10\/Maxim_Theater.jpg\" \/>\n<meta name=\"twitter:label1\" content=\"Dur\u00e9e de lecture estim\u00e9e\" \/>\n\t<meta name=\"twitter:data1\" content=\"1 minute\" \/>\n<script type=\"application\/ld+json\" class=\"yoast-schema-graph\">{\"@context\":\"https:\\\/\\\/schema.org\",\"@graph\":[{\"@type\":\"WebPage\",\"@id\":\"https:\\\/\\\/www.cultura.ch\\\/fr\\\/evenements\\\/projets-avec-refugies\\\/maxim-theater\\\/\",\"url\":\"https:\\\/\\\/www.cultura.ch\\\/fr\\\/evenements\\\/projets-avec-refugies\\\/maxim-theater\\\/\",\"name\":\"Maxim Theater - CULTURA\",\"isPartOf\":{\"@id\":\"https:\\\/\\\/www.cultura.ch\\\/fr\\\/#website\"},\"primaryImageOfPage\":{\"@id\":\"https:\\\/\\\/www.cultura.ch\\\/fr\\\/evenements\\\/projets-avec-refugies\\\/maxim-theater\\\/#primaryimage\"},\"image\":{\"@id\":\"https:\\\/\\\/www.cultura.ch\\\/fr\\\/evenements\\\/projets-avec-refugies\\\/maxim-theater\\\/#primaryimage\"},\"thumbnailUrl\":\"http:\\\/\\\/www.cultura.ch\\\/wp-content\\\/uploads\\\/2017\\\/10\\\/Maxim_Theater.jpg\",\"datePublished\":\"2017-10-11T14:50:32+00:00\",\"breadcrumb\":{\"@id\":\"https:\\\/\\\/www.cultura.ch\\\/fr\\\/evenements\\\/projets-avec-refugies\\\/maxim-theater\\\/#breadcrumb\"},\"inLanguage\":\"fr-FR\",\"potentialAction\":[{\"@type\":\"ReadAction\",\"target\":[\"https:\\\/\\\/www.cultura.ch\\\/fr\\\/evenements\\\/projets-avec-refugies\\\/maxim-theater\\\/\"]}]},{\"@type\":\"ImageObject\",\"inLanguage\":\"fr-FR\",\"@id\":\"https:\\\/\\\/www.cultura.ch\\\/fr\\\/evenements\\\/projets-avec-refugies\\\/maxim-theater\\\/#primaryimage\",\"url\":\"http:\\\/\\\/www.cultura.ch\\\/wp-content\\\/uploads\\\/2017\\\/10\\\/Maxim_Theater.jpg\",\"contentUrl\":\"http:\\\/\\\/www.cultura.ch\\\/wp-content\\\/uploads\\\/2017\\\/10\\\/Maxim_Theater.jpg\"},{\"@type\":\"BreadcrumbList\",\"@id\":\"https:\\\/\\\/www.cultura.ch\\\/fr\\\/evenements\\\/projets-avec-refugies\\\/maxim-theater\\\/#breadcrumb\",\"itemListElement\":[{\"@type\":\"ListItem\",\"position\":1,\"name\":\"Startseite\",\"item\":\"https:\\\/\\\/www.cultura.ch\\\/fr\\\/\"},{\"@type\":\"ListItem\",\"position\":2,\"name\":\"Offres culturelles pour et avec les migrants et les requ\u00e9rants d\u2019asile\",\"item\":\"https:\\\/\\\/www.cultura.ch\\\/fr\\\/projets-avec-refugies\\\/\"},{\"@type\":\"ListItem\",\"position\":3,\"name\":\"Maxim Theater\"}]},{\"@type\":\"WebSite\",\"@id\":\"https:\\\/\\\/www.cultura.ch\\\/fr\\\/#website\",\"url\":\"https:\\\/\\\/www.cultura.ch\\\/fr\\\/\",\"name\":\"CULTURA\",\"description\":\"Dachverband f\u00fcr die Interessenverb\u00e4nde der Schweizer Kulturinstitutionen\",\"potentialAction\":[{\"@type\":\"SearchAction\",\"target\":{\"@type\":\"EntryPoint\",\"urlTemplate\":\"https:\\\/\\\/www.cultura.ch\\\/fr\\\/?s={search_term_string}\"},\"query-input\":{\"@type\":\"PropertyValueSpecification\",\"valueRequired\":true,\"valueName\":\"search_term_string\"}}],\"inLanguage\":\"fr-FR\"}]}<\/script>\n<!-- \/ Yoast SEO plugin. -->","yoast_head_json":{"title":"Maxim Theater - CULTURA","robots":{"index":"index","follow":"follow","max-snippet":"max-snippet:-1","max-image-preview":"max-image-preview:large","max-video-preview":"max-video-preview:-1"},"canonical":"https:\/\/www.cultura.ch\/fr\/evenements\/projets-avec-refugies\/maxim-theater\/","og_locale":"fr_FR","og_type":"article","og_title":"Maxim Theater - CULTURA","og_description":"Le Maxim Theater de Zurich travaille depuis des ann\u00e9es avec la deuxi\u00e8me et troisi\u00e8me g\u00e9n\u00e9ration de migrants et est consid\u00e9r\u00e9 comme un lieu de production important, \u00e0 la fois plaque tournante et point de contact pour diverses communaut\u00e9s. Au moyen de spectacles de th\u00e9\u00e2tre et de manifestations portant sur des th\u00e8mes sociocritiques d\u2019actualit\u00e9, le dialogue &hellip; Continuer la lecture de Maxim Theater &rarr;","og_url":"https:\/\/www.cultura.ch\/fr\/evenements\/projets-avec-refugies\/maxim-theater\/","og_site_name":"CULTURA","og_image":[{"url":"http:\/\/www.cultura.ch\/wp-content\/uploads\/2017\/10\/Maxim_Theater.jpg","type":"","width":"","height":""}],"twitter_misc":{"Dur\u00e9e de lecture estim\u00e9e":"1 minute"},"schema":{"@context":"https:\/\/schema.org","@graph":[{"@type":"WebPage","@id":"https:\/\/www.cultura.ch\/fr\/evenements\/projets-avec-refugies\/maxim-theater\/","url":"https:\/\/www.cultura.ch\/fr\/evenements\/projets-avec-refugies\/maxim-theater\/","name":"Maxim Theater - CULTURA","isPartOf":{"@id":"https:\/\/www.cultura.ch\/fr\/#website"},"primaryImageOfPage":{"@id":"https:\/\/www.cultura.ch\/fr\/evenements\/projets-avec-refugies\/maxim-theater\/#primaryimage"},"image":{"@id":"https:\/\/www.cultura.ch\/fr\/evenements\/projets-avec-refugies\/maxim-theater\/#primaryimage"},"thumbnailUrl":"http:\/\/www.cultura.ch\/wp-content\/uploads\/2017\/10\/Maxim_Theater.jpg","datePublished":"2017-10-11T14:50:32+00:00","breadcrumb":{"@id":"https:\/\/www.cultura.ch\/fr\/evenements\/projets-avec-refugies\/maxim-theater\/#breadcrumb"},"inLanguage":"fr-FR","potentialAction":[{"@type":"ReadAction","target":["https:\/\/www.cultura.ch\/fr\/evenements\/projets-avec-refugies\/maxim-theater\/"]}]},{"@type":"ImageObject","inLanguage":"fr-FR","@id":"https:\/\/www.cultura.ch\/fr\/evenements\/projets-avec-refugies\/maxim-theater\/#primaryimage","url":"http:\/\/www.cultura.ch\/wp-content\/uploads\/2017\/10\/Maxim_Theater.jpg","contentUrl":"http:\/\/www.cultura.ch\/wp-content\/uploads\/2017\/10\/Maxim_Theater.jpg"},{"@type":"BreadcrumbList","@id":"https:\/\/www.cultura.ch\/fr\/evenements\/projets-avec-refugies\/maxim-theater\/#breadcrumb","itemListElement":[{"@type":"ListItem","position":1,"name":"Startseite","item":"https:\/\/www.cultura.ch\/fr\/"},{"@type":"ListItem","position":2,"name":"Offres culturelles pour et avec les migrants et les requ\u00e9rants d\u2019asile","item":"https:\/\/www.cultura.ch\/fr\/projets-avec-refugies\/"},{"@type":"ListItem","position":3,"name":"Maxim Theater"}]},{"@type":"WebSite","@id":"https:\/\/www.cultura.ch\/fr\/#website","url":"https:\/\/www.cultura.ch\/fr\/","name":"CULTURA","description":"Dachverband f\u00fcr die Interessenverb\u00e4nde der Schweizer Kulturinstitutionen","potentialAction":[{"@type":"SearchAction","target":{"@type":"EntryPoint","urlTemplate":"https:\/\/www.cultura.ch\/fr\/?s={search_term_string}"},"query-input":{"@type":"PropertyValueSpecification","valueRequired":true,"valueName":"search_term_string"}}],"inLanguage":"fr-FR"}]}},"_links":{"self":[{"href":"https:\/\/www.cultura.ch\/fr\/wp-json\/wp\/v2\/pages\/491","targetHints":{"allow":["GET"]}}],"collection":[{"href":"https:\/\/www.cultura.ch\/fr\/wp-json\/wp\/v2\/pages"}],"about":[{"href":"https:\/\/www.cultura.ch\/fr\/wp-json\/wp\/v2\/types\/page"}],"author":[{"embeddable":true,"href":"https:\/\/www.cultura.ch\/fr\/wp-json\/wp\/v2\/users\/7"}],"replies":[{"embeddable":true,"href":"https:\/\/www.cultura.ch\/fr\/wp-json\/wp\/v2\/comments?post=491"}],"version-history":[{"count":1,"href":"https:\/\/www.cultura.ch\/fr\/wp-json\/wp\/v2\/pages\/491\/revisions"}],"predecessor-version":[{"id":492,"href":"https:\/\/www.cultura.ch\/fr\/wp-json\/wp\/v2\/pages\/491\/revisions\/492"}],"up":[{"embeddable":true,"href":"https:\/\/www.cultura.ch\/fr\/wp-json\/wp\/v2\/pages\/479"}],"wp:attachment":[{"href":"https:\/\/www.cultura.ch\/fr\/wp-json\/wp\/v2\/media?parent=491"}],"curies":[{"name":"wp","href":"https:\/\/api.w.org\/{rel}","templated":true}]}}