{"id":493,"date":"2017-10-11T16:52:31","date_gmt":"2017-10-11T14:52:31","guid":{"rendered":"http:\/\/www.cultura.ch\/?page_id=493"},"modified":"2018-05-29T10:42:34","modified_gmt":"2018-05-29T08:42:34","slug":"echanges-entre-choeurs-chansons-de-refugies","status":"publish","type":"page","link":"https:\/\/www.cultura.ch\/fr\/evenements\/projets-avec-refugies\/echanges-entre-choeurs-chansons-de-refugies\/","title":{"rendered":"Echanges entre ch\u0153urs \/ Chansons de r\u00e9fugi\u00e9s"},"content":{"rendered":"<figure id=\"attachment_447\" aria-describedby=\"caption-attachment-447\" style=\"width: 300px\" class=\"wp-caption alignnone\"><a href=\"https:\/\/www.cultura.ch\/wp-content\/uploads\/2017\/10\/Rosarte_Childrens_Choir.jpg\"><img loading=\"lazy\" decoding=\"async\" class=\"wp-image-447 size-full\" src=\"https:\/\/www.cultura.ch\/wp-content\/uploads\/2017\/10\/Rosarte_Childrens_Choir.jpg\" alt=\"Rosarte Children\u2019s Choir\" width=\"300\" height=\"225\" \/><\/a><figcaption id=\"caption-attachment-447\" class=\"wp-caption-text\">Rosarte Children\u2019s Choir<\/figcaption><\/figure>\n<figure id=\"attachment_444\" aria-describedby=\"caption-attachment-444\" style=\"width: 300px\" class=\"wp-caption alignnone\"><a href=\"https:\/\/www.cultura.ch\/wp-content\/uploads\/2017\/10\/Maedchenkantorei_Basel.jpg\"><img loading=\"lazy\" decoding=\"async\" class=\"wp-image-444 size-medium\" src=\"https:\/\/www.cultura.ch\/wp-content\/uploads\/2017\/10\/Maedchenkantorei_Basel-300x224.jpg\" alt=\"M\u00e4dchenkantorei Basel\" width=\"300\" height=\"224\" srcset=\"https:\/\/www.cultura.ch\/wp-content\/uploads\/2017\/10\/Maedchenkantorei_Basel-300x224.jpg 300w, https:\/\/www.cultura.ch\/wp-content\/uploads\/2017\/10\/Maedchenkantorei_Basel.jpg 406w\" sizes=\"auto, (max-width: 300px) 100vw, 300px\" \/><\/a><figcaption id=\"caption-attachment-444\" class=\"wp-caption-text\">M\u00e4dchenkantorei Basel<\/figcaption><\/figure>\n<figure id=\"attachment_450\" aria-describedby=\"caption-attachment-450\" style=\"width: 300px\" class=\"wp-caption alignnone\"><a href=\"https:\/\/www.cultura.ch\/wp-content\/uploads\/2017\/10\/Luzerner_Kantorei-1.jpg\"><img loading=\"lazy\" decoding=\"async\" class=\"wp-image-450 size-medium\" src=\"https:\/\/www.cultura.ch\/wp-content\/uploads\/2017\/10\/Luzerner_Kantorei-1-300x200.jpg\" alt=\"Luzerner Kantorei\" width=\"300\" height=\"200\" srcset=\"https:\/\/www.cultura.ch\/wp-content\/uploads\/2017\/10\/Luzerner_Kantorei-1-300x200.jpg 300w, https:\/\/www.cultura.ch\/wp-content\/uploads\/2017\/10\/Luzerner_Kantorei-1-768x511.jpg 768w, https:\/\/www.cultura.ch\/wp-content\/uploads\/2017\/10\/Luzerner_Kantorei-1-1024x681.jpg 1024w, https:\/\/www.cultura.ch\/wp-content\/uploads\/2017\/10\/Luzerner_Kantorei-1.jpg 1106w\" sizes=\"auto, (max-width: 300px) 100vw, 300px\" \/><\/a><figcaption id=\"caption-attachment-450\" class=\"wp-caption-text\">Luzerner Kantorei<\/figcaption><\/figure>\n<p>CULTURESCAPES Griechenland organise en 2017 un \u00e9change entre ch\u0153urs de jeunes: le Rosarte Children\u2019s Choir d\u2019Ath\u00e8nes rencontrera la M\u00e4dchenkantorei de B\u00e2le, puis la Kantorei de Lucerne, dans le cadre d\u2019un projet de ch\u0153ur commun.<\/p>\n<p>Une partie substantielle du programme se compose de chants qui ont \u00e9t\u00e9 collect\u00e9s par les musicologues \/ les chefs d\u2019orchestre des deux ch\u0153urs dans des camps et centres d\u2019accueil de r\u00e9fugi\u00e9s de chacune de ces r\u00e9gions. Partis d\u2019Ath\u00e8nes, ils se rendront \u00e0 Lesbos avant de visiter divers centres de requ\u00e9rants d\u2019asile \u00e0 B\u00e2le. Les chants retenus seront consign\u00e9s et \u2013 selon les cas \u2013 l\u00e9g\u00e8rement retravaill\u00e9s pour le ch\u0153ur, puis interpr\u00e9t\u00e9s lors des concerts; ils seront, en outre, mis \u00e0 disposition de diverses \u00e9coles sous forme de mat\u00e9riel documentaire.<\/p>\n<p>Informations compl\u00e9mentaires: <a href=\"http:\/\/www.culturescapes.ch\" target=\"_blank\" rel=\"noopener\">www.culturescapes.ch<\/a><\/p>\n","protected":false},"excerpt":{"rendered":"<p>CULTURESCAPES Griechenland organise en 2017 un \u00e9change entre ch\u0153urs de jeunes: le Rosarte Children\u2019s Choir d\u2019Ath\u00e8nes rencontrera la M\u00e4dchenkantorei de B\u00e2le, puis la Kantorei de Lucerne, dans le cadre d\u2019un projet de ch\u0153ur commun. Une partie substantielle du programme se compose de chants qui ont \u00e9t\u00e9 collect\u00e9s par les musicologues \/ les chefs d\u2019orchestre des &hellip; <a href=\"https:\/\/www.cultura.ch\/fr\/evenements\/projets-avec-refugies\/echanges-entre-choeurs-chansons-de-refugies\/\" class=\"more-link\">Continuer la lecture de <span class=\"screen-reader-text\">Echanges entre ch\u0153urs \/ Chansons de r\u00e9fugi\u00e9s<\/span>  <span class=\"meta-nav\">&rarr;<\/span><\/a><\/p>\n","protected":false},"author":7,"featured_media":0,"parent":479,"menu_order":2,"comment_status":"closed","ping_status":"closed","template":"","meta":{"iawp_total_views":21,"footnotes":""},"class_list":["post-493","page","type-page","status-publish","hentry"],"yoast_head":"<!-- This site is optimized with the Yoast SEO plugin v27.5 - https:\/\/yoast.com\/product\/yoast-seo-wordpress\/ -->\n<title>Echanges entre ch\u0153urs \/ Chansons de r\u00e9fugi\u00e9s - CULTURA<\/title>\n<meta name=\"robots\" content=\"index, follow, max-snippet:-1, max-image-preview:large, max-video-preview:-1\" \/>\n<link rel=\"canonical\" href=\"https:\/\/www.cultura.ch\/fr\/evenements\/projets-avec-refugies\/echanges-entre-choeurs-chansons-de-refugies\/\" \/>\n<meta property=\"og:locale\" content=\"fr_FR\" \/>\n<meta property=\"og:type\" content=\"article\" \/>\n<meta property=\"og:title\" content=\"Echanges entre ch\u0153urs \/ Chansons de r\u00e9fugi\u00e9s - CULTURA\" \/>\n<meta property=\"og:description\" content=\"CULTURESCAPES Griechenland organise en 2017 un \u00e9change entre ch\u0153urs de jeunes: le Rosarte Children\u2019s Choir d\u2019Ath\u00e8nes rencontrera la M\u00e4dchenkantorei de B\u00e2le, puis la Kantorei de Lucerne, dans le cadre d\u2019un projet de ch\u0153ur commun. Une partie substantielle du programme se compose de chants qui ont \u00e9t\u00e9 collect\u00e9s par les musicologues \/ les chefs d\u2019orchestre des &hellip; Continuer la lecture de Echanges entre ch\u0153urs \/ Chansons de r\u00e9fugi\u00e9s &rarr;\" \/>\n<meta property=\"og:url\" content=\"https:\/\/www.cultura.ch\/fr\/evenements\/projets-avec-refugies\/echanges-entre-choeurs-chansons-de-refugies\/\" \/>\n<meta property=\"og:site_name\" content=\"CULTURA\" \/>\n<meta property=\"article:modified_time\" content=\"2018-05-29T08:42:34+00:00\" \/>\n<meta property=\"og:image\" content=\"https:\/\/www.cultura.ch\/wp-content\/uploads\/2017\/10\/Rosarte_Childrens_Choir.jpg\" \/>\n<meta name=\"twitter:label1\" content=\"Dur\u00e9e de lecture estim\u00e9e\" \/>\n\t<meta name=\"twitter:data1\" content=\"1 minute\" \/>\n<script type=\"application\/ld+json\" class=\"yoast-schema-graph\">{\"@context\":\"https:\\\/\\\/schema.org\",\"@graph\":[{\"@type\":\"WebPage\",\"@id\":\"https:\\\/\\\/www.cultura.ch\\\/fr\\\/evenements\\\/projets-avec-refugies\\\/echanges-entre-choeurs-chansons-de-refugies\\\/\",\"url\":\"https:\\\/\\\/www.cultura.ch\\\/fr\\\/evenements\\\/projets-avec-refugies\\\/echanges-entre-choeurs-chansons-de-refugies\\\/\",\"name\":\"Echanges entre ch\u0153urs \\\/ Chansons de r\u00e9fugi\u00e9s - CULTURA\",\"isPartOf\":{\"@id\":\"https:\\\/\\\/www.cultura.ch\\\/fr\\\/#website\"},\"primaryImageOfPage\":{\"@id\":\"https:\\\/\\\/www.cultura.ch\\\/fr\\\/evenements\\\/projets-avec-refugies\\\/echanges-entre-choeurs-chansons-de-refugies\\\/#primaryimage\"},\"image\":{\"@id\":\"https:\\\/\\\/www.cultura.ch\\\/fr\\\/evenements\\\/projets-avec-refugies\\\/echanges-entre-choeurs-chansons-de-refugies\\\/#primaryimage\"},\"thumbnailUrl\":\"https:\\\/\\\/www.cultura.ch\\\/wp-content\\\/uploads\\\/2017\\\/10\\\/Rosarte_Childrens_Choir.jpg\",\"datePublished\":\"2017-10-11T14:52:31+00:00\",\"dateModified\":\"2018-05-29T08:42:34+00:00\",\"breadcrumb\":{\"@id\":\"https:\\\/\\\/www.cultura.ch\\\/fr\\\/evenements\\\/projets-avec-refugies\\\/echanges-entre-choeurs-chansons-de-refugies\\\/#breadcrumb\"},\"inLanguage\":\"fr-FR\",\"potentialAction\":[{\"@type\":\"ReadAction\",\"target\":[\"https:\\\/\\\/www.cultura.ch\\\/fr\\\/evenements\\\/projets-avec-refugies\\\/echanges-entre-choeurs-chansons-de-refugies\\\/\"]}]},{\"@type\":\"ImageObject\",\"inLanguage\":\"fr-FR\",\"@id\":\"https:\\\/\\\/www.cultura.ch\\\/fr\\\/evenements\\\/projets-avec-refugies\\\/echanges-entre-choeurs-chansons-de-refugies\\\/#primaryimage\",\"url\":\"https:\\\/\\\/www.cultura.ch\\\/wp-content\\\/uploads\\\/2017\\\/10\\\/Rosarte_Childrens_Choir.jpg\",\"contentUrl\":\"https:\\\/\\\/www.cultura.ch\\\/wp-content\\\/uploads\\\/2017\\\/10\\\/Rosarte_Childrens_Choir.jpg\"},{\"@type\":\"BreadcrumbList\",\"@id\":\"https:\\\/\\\/www.cultura.ch\\\/fr\\\/evenements\\\/projets-avec-refugies\\\/echanges-entre-choeurs-chansons-de-refugies\\\/#breadcrumb\",\"itemListElement\":[{\"@type\":\"ListItem\",\"position\":1,\"name\":\"Startseite\",\"item\":\"https:\\\/\\\/www.cultura.ch\\\/fr\\\/\"},{\"@type\":\"ListItem\",\"position\":2,\"name\":\"Offres culturelles pour et avec les migrants et les requ\u00e9rants d\u2019asile\",\"item\":\"https:\\\/\\\/www.cultura.ch\\\/fr\\\/projets-avec-refugies\\\/\"},{\"@type\":\"ListItem\",\"position\":3,\"name\":\"Echanges entre ch\u0153urs \\\/ Chansons de r\u00e9fugi\u00e9s\"}]},{\"@type\":\"WebSite\",\"@id\":\"https:\\\/\\\/www.cultura.ch\\\/fr\\\/#website\",\"url\":\"https:\\\/\\\/www.cultura.ch\\\/fr\\\/\",\"name\":\"CULTURA\",\"description\":\"Dachverband f\u00fcr die Interessenverb\u00e4nde der Schweizer Kulturinstitutionen\",\"potentialAction\":[{\"@type\":\"SearchAction\",\"target\":{\"@type\":\"EntryPoint\",\"urlTemplate\":\"https:\\\/\\\/www.cultura.ch\\\/fr\\\/?s={search_term_string}\"},\"query-input\":{\"@type\":\"PropertyValueSpecification\",\"valueRequired\":true,\"valueName\":\"search_term_string\"}}],\"inLanguage\":\"fr-FR\"}]}<\/script>\n<!-- \/ Yoast SEO plugin. -->","yoast_head_json":{"title":"Echanges entre ch\u0153urs \/ Chansons de r\u00e9fugi\u00e9s - CULTURA","robots":{"index":"index","follow":"follow","max-snippet":"max-snippet:-1","max-image-preview":"max-image-preview:large","max-video-preview":"max-video-preview:-1"},"canonical":"https:\/\/www.cultura.ch\/fr\/evenements\/projets-avec-refugies\/echanges-entre-choeurs-chansons-de-refugies\/","og_locale":"fr_FR","og_type":"article","og_title":"Echanges entre ch\u0153urs \/ Chansons de r\u00e9fugi\u00e9s - CULTURA","og_description":"CULTURESCAPES Griechenland organise en 2017 un \u00e9change entre ch\u0153urs de jeunes: le Rosarte Children\u2019s Choir d\u2019Ath\u00e8nes rencontrera la M\u00e4dchenkantorei de B\u00e2le, puis la Kantorei de Lucerne, dans le cadre d\u2019un projet de ch\u0153ur commun. Une partie substantielle du programme se compose de chants qui ont \u00e9t\u00e9 collect\u00e9s par les musicologues \/ les chefs d\u2019orchestre des &hellip; Continuer la lecture de Echanges entre ch\u0153urs \/ Chansons de r\u00e9fugi\u00e9s &rarr;","og_url":"https:\/\/www.cultura.ch\/fr\/evenements\/projets-avec-refugies\/echanges-entre-choeurs-chansons-de-refugies\/","og_site_name":"CULTURA","article_modified_time":"2018-05-29T08:42:34+00:00","og_image":[{"url":"https:\/\/www.cultura.ch\/wp-content\/uploads\/2017\/10\/Rosarte_Childrens_Choir.jpg","type":"","width":"","height":""}],"twitter_misc":{"Dur\u00e9e de lecture estim\u00e9e":"1 minute"},"schema":{"@context":"https:\/\/schema.org","@graph":[{"@type":"WebPage","@id":"https:\/\/www.cultura.ch\/fr\/evenements\/projets-avec-refugies\/echanges-entre-choeurs-chansons-de-refugies\/","url":"https:\/\/www.cultura.ch\/fr\/evenements\/projets-avec-refugies\/echanges-entre-choeurs-chansons-de-refugies\/","name":"Echanges entre ch\u0153urs \/ Chansons de r\u00e9fugi\u00e9s - CULTURA","isPartOf":{"@id":"https:\/\/www.cultura.ch\/fr\/#website"},"primaryImageOfPage":{"@id":"https:\/\/www.cultura.ch\/fr\/evenements\/projets-avec-refugies\/echanges-entre-choeurs-chansons-de-refugies\/#primaryimage"},"image":{"@id":"https:\/\/www.cultura.ch\/fr\/evenements\/projets-avec-refugies\/echanges-entre-choeurs-chansons-de-refugies\/#primaryimage"},"thumbnailUrl":"https:\/\/www.cultura.ch\/wp-content\/uploads\/2017\/10\/Rosarte_Childrens_Choir.jpg","datePublished":"2017-10-11T14:52:31+00:00","dateModified":"2018-05-29T08:42:34+00:00","breadcrumb":{"@id":"https:\/\/www.cultura.ch\/fr\/evenements\/projets-avec-refugies\/echanges-entre-choeurs-chansons-de-refugies\/#breadcrumb"},"inLanguage":"fr-FR","potentialAction":[{"@type":"ReadAction","target":["https:\/\/www.cultura.ch\/fr\/evenements\/projets-avec-refugies\/echanges-entre-choeurs-chansons-de-refugies\/"]}]},{"@type":"ImageObject","inLanguage":"fr-FR","@id":"https:\/\/www.cultura.ch\/fr\/evenements\/projets-avec-refugies\/echanges-entre-choeurs-chansons-de-refugies\/#primaryimage","url":"https:\/\/www.cultura.ch\/wp-content\/uploads\/2017\/10\/Rosarte_Childrens_Choir.jpg","contentUrl":"https:\/\/www.cultura.ch\/wp-content\/uploads\/2017\/10\/Rosarte_Childrens_Choir.jpg"},{"@type":"BreadcrumbList","@id":"https:\/\/www.cultura.ch\/fr\/evenements\/projets-avec-refugies\/echanges-entre-choeurs-chansons-de-refugies\/#breadcrumb","itemListElement":[{"@type":"ListItem","position":1,"name":"Startseite","item":"https:\/\/www.cultura.ch\/fr\/"},{"@type":"ListItem","position":2,"name":"Offres culturelles pour et avec les migrants et les requ\u00e9rants d\u2019asile","item":"https:\/\/www.cultura.ch\/fr\/projets-avec-refugies\/"},{"@type":"ListItem","position":3,"name":"Echanges entre ch\u0153urs \/ Chansons de r\u00e9fugi\u00e9s"}]},{"@type":"WebSite","@id":"https:\/\/www.cultura.ch\/fr\/#website","url":"https:\/\/www.cultura.ch\/fr\/","name":"CULTURA","description":"Dachverband f\u00fcr die Interessenverb\u00e4nde der Schweizer Kulturinstitutionen","potentialAction":[{"@type":"SearchAction","target":{"@type":"EntryPoint","urlTemplate":"https:\/\/www.cultura.ch\/fr\/?s={search_term_string}"},"query-input":{"@type":"PropertyValueSpecification","valueRequired":true,"valueName":"search_term_string"}}],"inLanguage":"fr-FR"}]}},"_links":{"self":[{"href":"https:\/\/www.cultura.ch\/fr\/wp-json\/wp\/v2\/pages\/493","targetHints":{"allow":["GET"]}}],"collection":[{"href":"https:\/\/www.cultura.ch\/fr\/wp-json\/wp\/v2\/pages"}],"about":[{"href":"https:\/\/www.cultura.ch\/fr\/wp-json\/wp\/v2\/types\/page"}],"author":[{"embeddable":true,"href":"https:\/\/www.cultura.ch\/fr\/wp-json\/wp\/v2\/users\/7"}],"replies":[{"embeddable":true,"href":"https:\/\/www.cultura.ch\/fr\/wp-json\/wp\/v2\/comments?post=493"}],"version-history":[{"count":2,"href":"https:\/\/www.cultura.ch\/fr\/wp-json\/wp\/v2\/pages\/493\/revisions"}],"predecessor-version":[{"id":699,"href":"https:\/\/www.cultura.ch\/fr\/wp-json\/wp\/v2\/pages\/493\/revisions\/699"}],"up":[{"embeddable":true,"href":"https:\/\/www.cultura.ch\/fr\/wp-json\/wp\/v2\/pages\/479"}],"wp:attachment":[{"href":"https:\/\/www.cultura.ch\/fr\/wp-json\/wp\/v2\/media?parent=493"}],"curies":[{"name":"wp","href":"https:\/\/api.w.org\/{rel}","templated":true}]}}