{"id":634,"date":"2018-02-20T10:57:14","date_gmt":"2018-02-20T08:57:14","guid":{"rendered":"http:\/\/www.cultura.ch\/?page_id=634"},"modified":"2018-03-20T12:37:43","modified_gmt":"2018-03-20T10:37:43","slug":"evaluation-professionnelle","status":"publish","type":"page","link":"https:\/\/www.cultura.ch\/fr\/evenements\/projets-avec-refugies\/evaluation-professionnelle\/","title":{"rendered":"Evaluation professionnelle pour des artistes en exil"},"content":{"rendered":"<p>Compte tenu des circonstances de leur fuite, des personnes r\u00e9fugi\u00e9es qui travaillaient auparavant dans le domaine artistique et culturel ou qui exer\u00e7aient une activit\u00e9 de designer ne disposent souvent que de rares documents \u00e9crits attestant de leurs comp\u00e9tences et ressources artistiques et cr\u00e9atrices. L\u2019\u00e9valuation professionnelle propos\u00e9e par la Haute \u00e9cole d\u2019art de Zurich (ZHdK) offre la possibilit\u00e9 de d\u00e9terminer les qualifications, les options et les perspectives d\u2019activit\u00e9s cr\u00e9atrices et artistiques et de les d\u00e9crire. Cette offre s\u2019adressant aux artistes professionnels r\u00e9fugi\u00e9s aimerait les aider \u00e0 trouver une nouvelle orientation dans le paysage professionnel suisse et leur fournir la possibilit\u00e9 d\u2019avoir des \u00e9changes de vues directs avec des professionnels locaux.<\/p>\n<p>Sur mandat des autorit\u00e9s ou d\u2019institutions de l\u2019\u00abint\u00e9gration professionnelle\u00bb, des entretiens de clarification incluant les domaines professionnels correspondants (musique, design, arts visuels, m\u00e9diation culturelle, th\u00e9\u00e2tre et cin\u00e9ma) et, si possible, des sp\u00e9cialistes externes disposant de connaissances culturelles sp\u00e9cifiques, leur sont propos\u00e9s.<\/p>\n<p>Cette prestation s\u2019adresse principalement \u00e0 des \u00abr\u00e9fugi\u00e9s reconnus\u00bb et des \u00abpersonnes admises \u00e0 titre provisoire\u00bb.<\/p>\n<p>Informations compl\u00e9mentaires:<\/p>\n<ul>\n<li><a href=\"https:\/\/www.zhdk.ch\/zugaenge-fuer-gefluechtete-menschen-5760\" target=\"_blank\" rel=\"noopener\">www.zhdk.ch\/zugaenge-fuer-gefluechtete-menschen-5760<\/a><\/li>\n<li><a href=\"mailto:artist.contact@zhdk.ch\">artist.contact@zhdk.ch<\/a><\/li>\n<\/ul>\n","protected":false},"excerpt":{"rendered":"<p>Compte tenu des circonstances de leur fuite, des personnes r\u00e9fugi\u00e9es qui travaillaient auparavant dans le domaine artistique et culturel ou qui exer\u00e7aient une activit\u00e9 de designer ne disposent souvent que de rares documents \u00e9crits attestant de leurs comp\u00e9tences et ressources artistiques et cr\u00e9atrices. L\u2019\u00e9valuation professionnelle propos\u00e9e par la Haute \u00e9cole d\u2019art de Zurich (ZHdK) offre &hellip; <a href=\"https:\/\/www.cultura.ch\/fr\/evenements\/projets-avec-refugies\/evaluation-professionnelle\/\" class=\"more-link\">Continuer la lecture de <span class=\"screen-reader-text\">Evaluation professionnelle pour des artistes en exil<\/span>  <span class=\"meta-nav\">&rarr;<\/span><\/a><\/p>\n","protected":false},"author":7,"featured_media":0,"parent":479,"menu_order":1,"comment_status":"closed","ping_status":"closed","template":"","meta":{"iawp_total_views":39,"footnotes":""},"class_list":["post-634","page","type-page","status-publish","hentry"],"yoast_head":"<!-- This site is optimized with the Yoast SEO plugin v27.5 - https:\/\/yoast.com\/product\/yoast-seo-wordpress\/ -->\n<title>Evaluation professionnelle pour des artistes en exil - CULTURA<\/title>\n<meta name=\"robots\" content=\"index, follow, max-snippet:-1, max-image-preview:large, max-video-preview:-1\" \/>\n<link rel=\"canonical\" href=\"https:\/\/www.cultura.ch\/fr\/evenements\/projets-avec-refugies\/evaluation-professionnelle\/\" \/>\n<meta property=\"og:locale\" content=\"fr_FR\" \/>\n<meta property=\"og:type\" content=\"article\" \/>\n<meta property=\"og:title\" content=\"Evaluation professionnelle pour des artistes en exil - CULTURA\" \/>\n<meta property=\"og:description\" content=\"Compte tenu des circonstances de leur fuite, des personnes r\u00e9fugi\u00e9es qui travaillaient auparavant dans le domaine artistique et culturel ou qui exer\u00e7aient une activit\u00e9 de designer ne disposent souvent que de rares documents \u00e9crits attestant de leurs comp\u00e9tences et ressources artistiques et cr\u00e9atrices. L\u2019\u00e9valuation professionnelle propos\u00e9e par la Haute \u00e9cole d\u2019art de Zurich (ZHdK) offre &hellip; Continuer la lecture de Evaluation professionnelle pour des artistes en exil &rarr;\" \/>\n<meta property=\"og:url\" content=\"https:\/\/www.cultura.ch\/fr\/evenements\/projets-avec-refugies\/evaluation-professionnelle\/\" \/>\n<meta property=\"og:site_name\" content=\"CULTURA\" \/>\n<meta property=\"article:modified_time\" content=\"2018-03-20T10:37:43+00:00\" \/>\n<meta name=\"twitter:label1\" content=\"Dur\u00e9e de lecture estim\u00e9e\" \/>\n\t<meta name=\"twitter:data1\" content=\"1 minute\" \/>\n<script type=\"application\/ld+json\" class=\"yoast-schema-graph\">{\"@context\":\"https:\\\/\\\/schema.org\",\"@graph\":[{\"@type\":\"WebPage\",\"@id\":\"https:\\\/\\\/www.cultura.ch\\\/fr\\\/evenements\\\/projets-avec-refugies\\\/evaluation-professionnelle\\\/\",\"url\":\"https:\\\/\\\/www.cultura.ch\\\/fr\\\/evenements\\\/projets-avec-refugies\\\/evaluation-professionnelle\\\/\",\"name\":\"Evaluation professionnelle pour des artistes en exil - CULTURA\",\"isPartOf\":{\"@id\":\"https:\\\/\\\/www.cultura.ch\\\/fr\\\/#website\"},\"datePublished\":\"2018-02-20T08:57:14+00:00\",\"dateModified\":\"2018-03-20T10:37:43+00:00\",\"breadcrumb\":{\"@id\":\"https:\\\/\\\/www.cultura.ch\\\/fr\\\/evenements\\\/projets-avec-refugies\\\/evaluation-professionnelle\\\/#breadcrumb\"},\"inLanguage\":\"fr-FR\",\"potentialAction\":[{\"@type\":\"ReadAction\",\"target\":[\"https:\\\/\\\/www.cultura.ch\\\/fr\\\/evenements\\\/projets-avec-refugies\\\/evaluation-professionnelle\\\/\"]}]},{\"@type\":\"BreadcrumbList\",\"@id\":\"https:\\\/\\\/www.cultura.ch\\\/fr\\\/evenements\\\/projets-avec-refugies\\\/evaluation-professionnelle\\\/#breadcrumb\",\"itemListElement\":[{\"@type\":\"ListItem\",\"position\":1,\"name\":\"Startseite\",\"item\":\"https:\\\/\\\/www.cultura.ch\\\/fr\\\/\"},{\"@type\":\"ListItem\",\"position\":2,\"name\":\"Offres culturelles pour et avec les migrants et les requ\u00e9rants d\u2019asile\",\"item\":\"https:\\\/\\\/www.cultura.ch\\\/fr\\\/projets-avec-refugies\\\/\"},{\"@type\":\"ListItem\",\"position\":3,\"name\":\"Evaluation professionnelle pour des artistes en exil\"}]},{\"@type\":\"WebSite\",\"@id\":\"https:\\\/\\\/www.cultura.ch\\\/fr\\\/#website\",\"url\":\"https:\\\/\\\/www.cultura.ch\\\/fr\\\/\",\"name\":\"CULTURA\",\"description\":\"Dachverband f\u00fcr die Interessenverb\u00e4nde der Schweizer Kulturinstitutionen\",\"potentialAction\":[{\"@type\":\"SearchAction\",\"target\":{\"@type\":\"EntryPoint\",\"urlTemplate\":\"https:\\\/\\\/www.cultura.ch\\\/fr\\\/?s={search_term_string}\"},\"query-input\":{\"@type\":\"PropertyValueSpecification\",\"valueRequired\":true,\"valueName\":\"search_term_string\"}}],\"inLanguage\":\"fr-FR\"}]}<\/script>\n<!-- \/ Yoast SEO plugin. -->","yoast_head_json":{"title":"Evaluation professionnelle pour des artistes en exil - CULTURA","robots":{"index":"index","follow":"follow","max-snippet":"max-snippet:-1","max-image-preview":"max-image-preview:large","max-video-preview":"max-video-preview:-1"},"canonical":"https:\/\/www.cultura.ch\/fr\/evenements\/projets-avec-refugies\/evaluation-professionnelle\/","og_locale":"fr_FR","og_type":"article","og_title":"Evaluation professionnelle pour des artistes en exil - CULTURA","og_description":"Compte tenu des circonstances de leur fuite, des personnes r\u00e9fugi\u00e9es qui travaillaient auparavant dans le domaine artistique et culturel ou qui exer\u00e7aient une activit\u00e9 de designer ne disposent souvent que de rares documents \u00e9crits attestant de leurs comp\u00e9tences et ressources artistiques et cr\u00e9atrices. L\u2019\u00e9valuation professionnelle propos\u00e9e par la Haute \u00e9cole d\u2019art de Zurich (ZHdK) offre &hellip; Continuer la lecture de Evaluation professionnelle pour des artistes en exil &rarr;","og_url":"https:\/\/www.cultura.ch\/fr\/evenements\/projets-avec-refugies\/evaluation-professionnelle\/","og_site_name":"CULTURA","article_modified_time":"2018-03-20T10:37:43+00:00","twitter_misc":{"Dur\u00e9e de lecture estim\u00e9e":"1 minute"},"schema":{"@context":"https:\/\/schema.org","@graph":[{"@type":"WebPage","@id":"https:\/\/www.cultura.ch\/fr\/evenements\/projets-avec-refugies\/evaluation-professionnelle\/","url":"https:\/\/www.cultura.ch\/fr\/evenements\/projets-avec-refugies\/evaluation-professionnelle\/","name":"Evaluation professionnelle pour des artistes en exil - CULTURA","isPartOf":{"@id":"https:\/\/www.cultura.ch\/fr\/#website"},"datePublished":"2018-02-20T08:57:14+00:00","dateModified":"2018-03-20T10:37:43+00:00","breadcrumb":{"@id":"https:\/\/www.cultura.ch\/fr\/evenements\/projets-avec-refugies\/evaluation-professionnelle\/#breadcrumb"},"inLanguage":"fr-FR","potentialAction":[{"@type":"ReadAction","target":["https:\/\/www.cultura.ch\/fr\/evenements\/projets-avec-refugies\/evaluation-professionnelle\/"]}]},{"@type":"BreadcrumbList","@id":"https:\/\/www.cultura.ch\/fr\/evenements\/projets-avec-refugies\/evaluation-professionnelle\/#breadcrumb","itemListElement":[{"@type":"ListItem","position":1,"name":"Startseite","item":"https:\/\/www.cultura.ch\/fr\/"},{"@type":"ListItem","position":2,"name":"Offres culturelles pour et avec les migrants et les requ\u00e9rants d\u2019asile","item":"https:\/\/www.cultura.ch\/fr\/projets-avec-refugies\/"},{"@type":"ListItem","position":3,"name":"Evaluation professionnelle pour des artistes en exil"}]},{"@type":"WebSite","@id":"https:\/\/www.cultura.ch\/fr\/#website","url":"https:\/\/www.cultura.ch\/fr\/","name":"CULTURA","description":"Dachverband f\u00fcr die Interessenverb\u00e4nde der Schweizer Kulturinstitutionen","potentialAction":[{"@type":"SearchAction","target":{"@type":"EntryPoint","urlTemplate":"https:\/\/www.cultura.ch\/fr\/?s={search_term_string}"},"query-input":{"@type":"PropertyValueSpecification","valueRequired":true,"valueName":"search_term_string"}}],"inLanguage":"fr-FR"}]}},"_links":{"self":[{"href":"https:\/\/www.cultura.ch\/fr\/wp-json\/wp\/v2\/pages\/634","targetHints":{"allow":["GET"]}}],"collection":[{"href":"https:\/\/www.cultura.ch\/fr\/wp-json\/wp\/v2\/pages"}],"about":[{"href":"https:\/\/www.cultura.ch\/fr\/wp-json\/wp\/v2\/types\/page"}],"author":[{"embeddable":true,"href":"https:\/\/www.cultura.ch\/fr\/wp-json\/wp\/v2\/users\/7"}],"replies":[{"embeddable":true,"href":"https:\/\/www.cultura.ch\/fr\/wp-json\/wp\/v2\/comments?post=634"}],"version-history":[{"count":4,"href":"https:\/\/www.cultura.ch\/fr\/wp-json\/wp\/v2\/pages\/634\/revisions"}],"predecessor-version":[{"id":681,"href":"https:\/\/www.cultura.ch\/fr\/wp-json\/wp\/v2\/pages\/634\/revisions\/681"}],"up":[{"embeddable":true,"href":"https:\/\/www.cultura.ch\/fr\/wp-json\/wp\/v2\/pages\/479"}],"wp:attachment":[{"href":"https:\/\/www.cultura.ch\/fr\/wp-json\/wp\/v2\/media?parent=634"}],"curies":[{"name":"wp","href":"https:\/\/api.w.org\/{rel}","templated":true}]}}