{"id":713,"date":"2018-07-14T12:30:21","date_gmt":"2018-07-14T10:30:21","guid":{"rendered":"https:\/\/www.cultura.ch\/?page_id=713"},"modified":"2018-07-14T12:30:21","modified_gmt":"2018-07-14T10:30:21","slug":"artistcontact-ch","status":"publish","type":"page","link":"https:\/\/www.cultura.ch\/fr\/evenements\/projets-avec-refugies\/artistcontact-ch\/","title":{"rendered":"artistcontact.ch"},"content":{"rendered":"<p><strong>La plateforme pour les artistes locaux et les artistes r\u00e9fugi\u00e9s <\/strong><\/p>\n<p><a href=\"https:\/\/www.cultura.ch\/wp-content\/uploads\/2018\/07\/artistcontact-ch.png\"><img loading=\"lazy\" decoding=\"async\" class=\"alignnone size-full wp-image-706\" src=\"https:\/\/www.cultura.ch\/wp-content\/uploads\/2018\/07\/artistcontact-ch.png\" alt=\"artistcontact.ch\" width=\"937\" height=\"160\" srcset=\"https:\/\/www.cultura.ch\/wp-content\/uploads\/2018\/07\/artistcontact-ch.png 937w, https:\/\/www.cultura.ch\/wp-content\/uploads\/2018\/07\/artistcontact-ch-300x51.png 300w, https:\/\/www.cultura.ch\/wp-content\/uploads\/2018\/07\/artistcontact-ch-768x131.png 768w\" sizes=\"auto, (max-width: 937px) 100vw, 937px\" \/><\/a><\/p>\n<p>La plateforme de contact num\u00e9rique \u00abartistcontact\u00bb cr\u00e9\u00e9e par la Z\u00fcrcher Hochschule der K\u00fcnste (ZHdK) aimerait proposer une offre qui facilite le contact entre artistes locaux et artistes r\u00e9fugi\u00e9s.<\/p>\n<p>De nombreux artistes qui sont en Suisse depuis peu de temps, souhaitent des contacts et la cr\u00e9ation de r\u00e9seaux avec les milieux culturels en Suisse. Leurs aspirations sont toutefois tr\u00e8s diff\u00e9rentes. D\u2019une part, elles concernent des questions ou des besoins d\u2019ordre pratique, par exemple du mat\u00e9riel ou des ateliers, d\u2019autre part, la recherche de possibilit\u00e9s de coop\u00e9ration ou de participation \u00e0 des projets. Nous aimerions par ailleurs donner de la visibilit\u00e9 aux artistes r\u00e9fugi\u00e9s, faire conna\u00eetre leurs points de vue, leurs ressources et leurs int\u00e9r\u00eats. Cette pr\u00e9sence doit contribuer \u00e0 ce que les sc\u00e8nes culturelles locales prennent conscience du potentiel de ces cr\u00e9atrices et cr\u00e9ateurs, et susciter ainsi d\u2019autres coop\u00e9rations. Sur la plateforme, les personnes int\u00e9ress\u00e9es peuvent soumettre des \u00aboffres\u00bb ou des \u00abdemandes\u00bb portant sur diff\u00e9rentes disciplines.<\/p>\n<p>Informations compl\u00e9mentaires:\u00a0<a href=\"http:\/\/artistcontact.ch\" target=\"_blank\" rel=\"noopener\">artistcontact.ch<\/a><\/p>\n","protected":false},"excerpt":{"rendered":"<p>La plateforme pour les artistes locaux et les artistes r\u00e9fugi\u00e9s La plateforme de contact num\u00e9rique \u00abartistcontact\u00bb cr\u00e9\u00e9e par la Z\u00fcrcher Hochschule der K\u00fcnste (ZHdK) aimerait proposer une offre qui facilite le contact entre artistes locaux et artistes r\u00e9fugi\u00e9s. De nombreux artistes qui sont en Suisse depuis peu de temps, souhaitent des contacts et la cr\u00e9ation &hellip; <a href=\"https:\/\/www.cultura.ch\/fr\/evenements\/projets-avec-refugies\/artistcontact-ch\/\" class=\"more-link\">Continuer la lecture de <span class=\"screen-reader-text\">artistcontact.ch<\/span>  <span class=\"meta-nav\">&rarr;<\/span><\/a><\/p>\n","protected":false},"author":7,"featured_media":0,"parent":479,"menu_order":0,"comment_status":"closed","ping_status":"closed","template":"","meta":{"iawp_total_views":28,"footnotes":""},"class_list":["post-713","page","type-page","status-publish","hentry"],"yoast_head":"<!-- This site is optimized with the Yoast SEO plugin v27.5 - https:\/\/yoast.com\/product\/yoast-seo-wordpress\/ -->\n<title>artistcontact.ch - CULTURA<\/title>\n<meta name=\"robots\" content=\"index, follow, max-snippet:-1, max-image-preview:large, max-video-preview:-1\" \/>\n<link rel=\"canonical\" href=\"https:\/\/www.cultura.ch\/fr\/evenements\/projets-avec-refugies\/artistcontact-ch\/\" \/>\n<meta property=\"og:locale\" content=\"fr_FR\" \/>\n<meta property=\"og:type\" content=\"article\" \/>\n<meta property=\"og:title\" content=\"artistcontact.ch - CULTURA\" \/>\n<meta property=\"og:description\" content=\"La plateforme pour les artistes locaux et les artistes r\u00e9fugi\u00e9s La plateforme de contact num\u00e9rique \u00abartistcontact\u00bb cr\u00e9\u00e9e par la Z\u00fcrcher Hochschule der K\u00fcnste (ZHdK) aimerait proposer une offre qui facilite le contact entre artistes locaux et artistes r\u00e9fugi\u00e9s. De nombreux artistes qui sont en Suisse depuis peu de temps, souhaitent des contacts et la cr\u00e9ation &hellip; Continuer la lecture de artistcontact.ch &rarr;\" \/>\n<meta property=\"og:url\" content=\"https:\/\/www.cultura.ch\/fr\/evenements\/projets-avec-refugies\/artistcontact-ch\/\" \/>\n<meta property=\"og:site_name\" content=\"CULTURA\" \/>\n<meta property=\"og:image\" content=\"https:\/\/www.cultura.ch\/wp-content\/uploads\/2018\/07\/artistcontact-ch.png\" \/>\n<meta name=\"twitter:label1\" content=\"Dur\u00e9e de lecture estim\u00e9e\" \/>\n\t<meta name=\"twitter:data1\" content=\"1 minute\" \/>\n<script type=\"application\/ld+json\" class=\"yoast-schema-graph\">{\"@context\":\"https:\\\/\\\/schema.org\",\"@graph\":[{\"@type\":\"WebPage\",\"@id\":\"https:\\\/\\\/www.cultura.ch\\\/fr\\\/evenements\\\/projets-avec-refugies\\\/artistcontact-ch\\\/\",\"url\":\"https:\\\/\\\/www.cultura.ch\\\/fr\\\/evenements\\\/projets-avec-refugies\\\/artistcontact-ch\\\/\",\"name\":\"artistcontact.ch - CULTURA\",\"isPartOf\":{\"@id\":\"https:\\\/\\\/www.cultura.ch\\\/fr\\\/#website\"},\"primaryImageOfPage\":{\"@id\":\"https:\\\/\\\/www.cultura.ch\\\/fr\\\/evenements\\\/projets-avec-refugies\\\/artistcontact-ch\\\/#primaryimage\"},\"image\":{\"@id\":\"https:\\\/\\\/www.cultura.ch\\\/fr\\\/evenements\\\/projets-avec-refugies\\\/artistcontact-ch\\\/#primaryimage\"},\"thumbnailUrl\":\"https:\\\/\\\/www.cultura.ch\\\/wp-content\\\/uploads\\\/2018\\\/07\\\/artistcontact-ch.png\",\"datePublished\":\"2018-07-14T10:30:21+00:00\",\"breadcrumb\":{\"@id\":\"https:\\\/\\\/www.cultura.ch\\\/fr\\\/evenements\\\/projets-avec-refugies\\\/artistcontact-ch\\\/#breadcrumb\"},\"inLanguage\":\"fr-FR\",\"potentialAction\":[{\"@type\":\"ReadAction\",\"target\":[\"https:\\\/\\\/www.cultura.ch\\\/fr\\\/evenements\\\/projets-avec-refugies\\\/artistcontact-ch\\\/\"]}]},{\"@type\":\"ImageObject\",\"inLanguage\":\"fr-FR\",\"@id\":\"https:\\\/\\\/www.cultura.ch\\\/fr\\\/evenements\\\/projets-avec-refugies\\\/artistcontact-ch\\\/#primaryimage\",\"url\":\"https:\\\/\\\/www.cultura.ch\\\/wp-content\\\/uploads\\\/2018\\\/07\\\/artistcontact-ch.png\",\"contentUrl\":\"https:\\\/\\\/www.cultura.ch\\\/wp-content\\\/uploads\\\/2018\\\/07\\\/artistcontact-ch.png\"},{\"@type\":\"BreadcrumbList\",\"@id\":\"https:\\\/\\\/www.cultura.ch\\\/fr\\\/evenements\\\/projets-avec-refugies\\\/artistcontact-ch\\\/#breadcrumb\",\"itemListElement\":[{\"@type\":\"ListItem\",\"position\":1,\"name\":\"Startseite\",\"item\":\"https:\\\/\\\/www.cultura.ch\\\/fr\\\/\"},{\"@type\":\"ListItem\",\"position\":2,\"name\":\"Offres culturelles pour et avec les migrants et les requ\u00e9rants d\u2019asile\",\"item\":\"https:\\\/\\\/www.cultura.ch\\\/fr\\\/projets-avec-refugies\\\/\"},{\"@type\":\"ListItem\",\"position\":3,\"name\":\"artistcontact.ch\"}]},{\"@type\":\"WebSite\",\"@id\":\"https:\\\/\\\/www.cultura.ch\\\/fr\\\/#website\",\"url\":\"https:\\\/\\\/www.cultura.ch\\\/fr\\\/\",\"name\":\"CULTURA\",\"description\":\"Dachverband f\u00fcr die Interessenverb\u00e4nde der Schweizer Kulturinstitutionen\",\"potentialAction\":[{\"@type\":\"SearchAction\",\"target\":{\"@type\":\"EntryPoint\",\"urlTemplate\":\"https:\\\/\\\/www.cultura.ch\\\/fr\\\/?s={search_term_string}\"},\"query-input\":{\"@type\":\"PropertyValueSpecification\",\"valueRequired\":true,\"valueName\":\"search_term_string\"}}],\"inLanguage\":\"fr-FR\"}]}<\/script>\n<!-- \/ Yoast SEO plugin. -->","yoast_head_json":{"title":"artistcontact.ch - CULTURA","robots":{"index":"index","follow":"follow","max-snippet":"max-snippet:-1","max-image-preview":"max-image-preview:large","max-video-preview":"max-video-preview:-1"},"canonical":"https:\/\/www.cultura.ch\/fr\/evenements\/projets-avec-refugies\/artistcontact-ch\/","og_locale":"fr_FR","og_type":"article","og_title":"artistcontact.ch - CULTURA","og_description":"La plateforme pour les artistes locaux et les artistes r\u00e9fugi\u00e9s La plateforme de contact num\u00e9rique \u00abartistcontact\u00bb cr\u00e9\u00e9e par la Z\u00fcrcher Hochschule der K\u00fcnste (ZHdK) aimerait proposer une offre qui facilite le contact entre artistes locaux et artistes r\u00e9fugi\u00e9s. De nombreux artistes qui sont en Suisse depuis peu de temps, souhaitent des contacts et la cr\u00e9ation &hellip; Continuer la lecture de artistcontact.ch &rarr;","og_url":"https:\/\/www.cultura.ch\/fr\/evenements\/projets-avec-refugies\/artistcontact-ch\/","og_site_name":"CULTURA","og_image":[{"url":"https:\/\/www.cultura.ch\/wp-content\/uploads\/2018\/07\/artistcontact-ch.png","type":"","width":"","height":""}],"twitter_misc":{"Dur\u00e9e de lecture estim\u00e9e":"1 minute"},"schema":{"@context":"https:\/\/schema.org","@graph":[{"@type":"WebPage","@id":"https:\/\/www.cultura.ch\/fr\/evenements\/projets-avec-refugies\/artistcontact-ch\/","url":"https:\/\/www.cultura.ch\/fr\/evenements\/projets-avec-refugies\/artistcontact-ch\/","name":"artistcontact.ch - CULTURA","isPartOf":{"@id":"https:\/\/www.cultura.ch\/fr\/#website"},"primaryImageOfPage":{"@id":"https:\/\/www.cultura.ch\/fr\/evenements\/projets-avec-refugies\/artistcontact-ch\/#primaryimage"},"image":{"@id":"https:\/\/www.cultura.ch\/fr\/evenements\/projets-avec-refugies\/artistcontact-ch\/#primaryimage"},"thumbnailUrl":"https:\/\/www.cultura.ch\/wp-content\/uploads\/2018\/07\/artistcontact-ch.png","datePublished":"2018-07-14T10:30:21+00:00","breadcrumb":{"@id":"https:\/\/www.cultura.ch\/fr\/evenements\/projets-avec-refugies\/artistcontact-ch\/#breadcrumb"},"inLanguage":"fr-FR","potentialAction":[{"@type":"ReadAction","target":["https:\/\/www.cultura.ch\/fr\/evenements\/projets-avec-refugies\/artistcontact-ch\/"]}]},{"@type":"ImageObject","inLanguage":"fr-FR","@id":"https:\/\/www.cultura.ch\/fr\/evenements\/projets-avec-refugies\/artistcontact-ch\/#primaryimage","url":"https:\/\/www.cultura.ch\/wp-content\/uploads\/2018\/07\/artistcontact-ch.png","contentUrl":"https:\/\/www.cultura.ch\/wp-content\/uploads\/2018\/07\/artistcontact-ch.png"},{"@type":"BreadcrumbList","@id":"https:\/\/www.cultura.ch\/fr\/evenements\/projets-avec-refugies\/artistcontact-ch\/#breadcrumb","itemListElement":[{"@type":"ListItem","position":1,"name":"Startseite","item":"https:\/\/www.cultura.ch\/fr\/"},{"@type":"ListItem","position":2,"name":"Offres culturelles pour et avec les migrants et les requ\u00e9rants d\u2019asile","item":"https:\/\/www.cultura.ch\/fr\/projets-avec-refugies\/"},{"@type":"ListItem","position":3,"name":"artistcontact.ch"}]},{"@type":"WebSite","@id":"https:\/\/www.cultura.ch\/fr\/#website","url":"https:\/\/www.cultura.ch\/fr\/","name":"CULTURA","description":"Dachverband f\u00fcr die Interessenverb\u00e4nde der Schweizer Kulturinstitutionen","potentialAction":[{"@type":"SearchAction","target":{"@type":"EntryPoint","urlTemplate":"https:\/\/www.cultura.ch\/fr\/?s={search_term_string}"},"query-input":{"@type":"PropertyValueSpecification","valueRequired":true,"valueName":"search_term_string"}}],"inLanguage":"fr-FR"}]}},"_links":{"self":[{"href":"https:\/\/www.cultura.ch\/fr\/wp-json\/wp\/v2\/pages\/713","targetHints":{"allow":["GET"]}}],"collection":[{"href":"https:\/\/www.cultura.ch\/fr\/wp-json\/wp\/v2\/pages"}],"about":[{"href":"https:\/\/www.cultura.ch\/fr\/wp-json\/wp\/v2\/types\/page"}],"author":[{"embeddable":true,"href":"https:\/\/www.cultura.ch\/fr\/wp-json\/wp\/v2\/users\/7"}],"replies":[{"embeddable":true,"href":"https:\/\/www.cultura.ch\/fr\/wp-json\/wp\/v2\/comments?post=713"}],"version-history":[{"count":1,"href":"https:\/\/www.cultura.ch\/fr\/wp-json\/wp\/v2\/pages\/713\/revisions"}],"predecessor-version":[{"id":714,"href":"https:\/\/www.cultura.ch\/fr\/wp-json\/wp\/v2\/pages\/713\/revisions\/714"}],"up":[{"embeddable":true,"href":"https:\/\/www.cultura.ch\/fr\/wp-json\/wp\/v2\/pages\/479"}],"wp:attachment":[{"href":"https:\/\/www.cultura.ch\/fr\/wp-json\/wp\/v2\/media?parent=713"}],"curies":[{"name":"wp","href":"https:\/\/api.w.org\/{rel}","templated":true}]}}