{"id":72,"date":"2014-07-28T14:32:34","date_gmt":"2014-07-28T12:32:34","guid":{"rendered":"http:\/\/cultura.stage.futurecom.info\/?page_id=72"},"modified":"2024-12-12T16:34:03","modified_gmt":"2024-12-12T15:34:03","slug":"statuts","status":"publish","type":"page","link":"https:\/\/www.cultura.ch\/fr\/cultura-2\/statuts\/","title":{"rendered":"Statuts"},"content":{"rendered":"<p><a href=\"https:\/\/www.cultura.ch\/wp-content\/uploads\/2024\/12\/Verein_CULTURA_Statuten_20-02-2024.pdf\">Statuts de l&rsquo;association +CULTURA (version du 20.02.2024)<\/a> (PDF, en allemand)<\/p>\n","protected":false},"excerpt":{"rendered":"<p>Statuts de l&rsquo;association +CULTURA (version du 20.02.2024) (PDF, en allemand)<\/p>\n","protected":false},"author":7,"featured_media":0,"parent":474,"menu_order":24,"comment_status":"closed","ping_status":"closed","template":"","meta":{"iawp_total_views":29,"footnotes":""},"class_list":["post-72","page","type-page","status-publish","hentry"],"yoast_head":"<!-- This site is optimized with the Yoast SEO plugin v27.4 - https:\/\/yoast.com\/product\/yoast-seo-wordpress\/ -->\n<title>Statuts - CULTURA<\/title>\n<meta name=\"description\" content=\"Sous le nom de \u00ab Association CULTURA \u00bb, la F\u00e9d\u00e9ration des organisations suisses d\u2019entreprises et d\u2019institutions culturelles, ci-apr\u00e8s \u00e9galement nomm\u00e9e \u00ab CULTURA \u00bb, il est constitu\u00e9 une Association au sens des articles 60 ss du Code civil suisse, avec si\u00e8ge \u00e0 Berne.\" \/>\n<meta name=\"robots\" content=\"index, follow, max-snippet:-1, max-image-preview:large, max-video-preview:-1\" \/>\n<link rel=\"canonical\" href=\"https:\/\/www.cultura.ch\/fr\/cultura-2\/statuts\/\" \/>\n<meta property=\"og:locale\" content=\"fr_FR\" \/>\n<meta property=\"og:type\" content=\"article\" \/>\n<meta property=\"og:title\" content=\"Statuts - CULTURA\" \/>\n<meta property=\"og:description\" content=\"Sous le nom de \u00ab Association CULTURA \u00bb, la F\u00e9d\u00e9ration des organisations suisses d\u2019entreprises et d\u2019institutions culturelles, ci-apr\u00e8s \u00e9galement nomm\u00e9e \u00ab CULTURA \u00bb, il est constitu\u00e9 une Association au sens des articles 60 ss du Code civil suisse, avec si\u00e8ge \u00e0 Berne.\" \/>\n<meta property=\"og:url\" content=\"https:\/\/www.cultura.ch\/fr\/cultura-2\/statuts\/\" \/>\n<meta property=\"og:site_name\" content=\"CULTURA\" \/>\n<meta property=\"article:modified_time\" content=\"2024-12-12T15:34:03+00:00\" \/>\n<meta name=\"twitter:label1\" content=\"Dur\u00e9e de lecture estim\u00e9e\" \/>\n\t<meta name=\"twitter:data1\" content=\"1 minute\" \/>\n<script type=\"application\/ld+json\" class=\"yoast-schema-graph\">{\"@context\":\"https:\\\/\\\/schema.org\",\"@graph\":[{\"@type\":\"WebPage\",\"@id\":\"https:\\\/\\\/www.cultura.ch\\\/fr\\\/cultura-2\\\/statuts\\\/\",\"url\":\"https:\\\/\\\/www.cultura.ch\\\/fr\\\/cultura-2\\\/statuts\\\/\",\"name\":\"Statuts - CULTURA\",\"isPartOf\":{\"@id\":\"https:\\\/\\\/www.cultura.ch\\\/fr\\\/#website\"},\"datePublished\":\"2014-07-28T12:32:34+00:00\",\"dateModified\":\"2024-12-12T15:34:03+00:00\",\"description\":\"Sous le nom de \u00ab Association CULTURA \u00bb, la F\u00e9d\u00e9ration des organisations suisses d\u2019entreprises et d\u2019institutions culturelles, ci-apr\u00e8s \u00e9galement nomm\u00e9e \u00ab CULTURA \u00bb, il est constitu\u00e9 une Association au sens des articles 60 ss du Code civil suisse, avec si\u00e8ge \u00e0 Berne.\",\"breadcrumb\":{\"@id\":\"https:\\\/\\\/www.cultura.ch\\\/fr\\\/cultura-2\\\/statuts\\\/#breadcrumb\"},\"inLanguage\":\"fr-FR\",\"potentialAction\":[{\"@type\":\"ReadAction\",\"target\":[\"https:\\\/\\\/www.cultura.ch\\\/fr\\\/cultura-2\\\/statuts\\\/\"]}]},{\"@type\":\"BreadcrumbList\",\"@id\":\"https:\\\/\\\/www.cultura.ch\\\/fr\\\/cultura-2\\\/statuts\\\/#breadcrumb\",\"itemListElement\":[{\"@type\":\"ListItem\",\"position\":1,\"name\":\"Startseite\",\"item\":\"https:\\\/\\\/www.cultura.ch\\\/fr\\\/\"},{\"@type\":\"ListItem\",\"position\":2,\"name\":\"+CULTURA\",\"item\":\"https:\\\/\\\/www.cultura.ch\\\/fr\\\/cultura-2\\\/\"},{\"@type\":\"ListItem\",\"position\":3,\"name\":\"Statuts\"}]},{\"@type\":\"WebSite\",\"@id\":\"https:\\\/\\\/www.cultura.ch\\\/fr\\\/#website\",\"url\":\"https:\\\/\\\/www.cultura.ch\\\/fr\\\/\",\"name\":\"CULTURA\",\"description\":\"Dachverband f\u00fcr die Interessenverb\u00e4nde der Schweizer Kulturinstitutionen\",\"potentialAction\":[{\"@type\":\"SearchAction\",\"target\":{\"@type\":\"EntryPoint\",\"urlTemplate\":\"https:\\\/\\\/www.cultura.ch\\\/fr\\\/?s={search_term_string}\"},\"query-input\":{\"@type\":\"PropertyValueSpecification\",\"valueRequired\":true,\"valueName\":\"search_term_string\"}}],\"inLanguage\":\"fr-FR\"}]}<\/script>\n<!-- \/ Yoast SEO plugin. -->","yoast_head_json":{"title":"Statuts - CULTURA","description":"Sous le nom de \u00ab Association CULTURA \u00bb, la F\u00e9d\u00e9ration des organisations suisses d\u2019entreprises et d\u2019institutions culturelles, ci-apr\u00e8s \u00e9galement nomm\u00e9e \u00ab CULTURA \u00bb, il est constitu\u00e9 une Association au sens des articles 60 ss du Code civil suisse, avec si\u00e8ge \u00e0 Berne.","robots":{"index":"index","follow":"follow","max-snippet":"max-snippet:-1","max-image-preview":"max-image-preview:large","max-video-preview":"max-video-preview:-1"},"canonical":"https:\/\/www.cultura.ch\/fr\/cultura-2\/statuts\/","og_locale":"fr_FR","og_type":"article","og_title":"Statuts - CULTURA","og_description":"Sous le nom de \u00ab Association CULTURA \u00bb, la F\u00e9d\u00e9ration des organisations suisses d\u2019entreprises et d\u2019institutions culturelles, ci-apr\u00e8s \u00e9galement nomm\u00e9e \u00ab CULTURA \u00bb, il est constitu\u00e9 une Association au sens des articles 60 ss du Code civil suisse, avec si\u00e8ge \u00e0 Berne.","og_url":"https:\/\/www.cultura.ch\/fr\/cultura-2\/statuts\/","og_site_name":"CULTURA","article_modified_time":"2024-12-12T15:34:03+00:00","twitter_misc":{"Dur\u00e9e de lecture estim\u00e9e":"1 minute"},"schema":{"@context":"https:\/\/schema.org","@graph":[{"@type":"WebPage","@id":"https:\/\/www.cultura.ch\/fr\/cultura-2\/statuts\/","url":"https:\/\/www.cultura.ch\/fr\/cultura-2\/statuts\/","name":"Statuts - CULTURA","isPartOf":{"@id":"https:\/\/www.cultura.ch\/fr\/#website"},"datePublished":"2014-07-28T12:32:34+00:00","dateModified":"2024-12-12T15:34:03+00:00","description":"Sous le nom de \u00ab Association CULTURA \u00bb, la F\u00e9d\u00e9ration des organisations suisses d\u2019entreprises et d\u2019institutions culturelles, ci-apr\u00e8s \u00e9galement nomm\u00e9e \u00ab CULTURA \u00bb, il est constitu\u00e9 une Association au sens des articles 60 ss du Code civil suisse, avec si\u00e8ge \u00e0 Berne.","breadcrumb":{"@id":"https:\/\/www.cultura.ch\/fr\/cultura-2\/statuts\/#breadcrumb"},"inLanguage":"fr-FR","potentialAction":[{"@type":"ReadAction","target":["https:\/\/www.cultura.ch\/fr\/cultura-2\/statuts\/"]}]},{"@type":"BreadcrumbList","@id":"https:\/\/www.cultura.ch\/fr\/cultura-2\/statuts\/#breadcrumb","itemListElement":[{"@type":"ListItem","position":1,"name":"Startseite","item":"https:\/\/www.cultura.ch\/fr\/"},{"@type":"ListItem","position":2,"name":"+CULTURA","item":"https:\/\/www.cultura.ch\/fr\/cultura-2\/"},{"@type":"ListItem","position":3,"name":"Statuts"}]},{"@type":"WebSite","@id":"https:\/\/www.cultura.ch\/fr\/#website","url":"https:\/\/www.cultura.ch\/fr\/","name":"CULTURA","description":"Dachverband f\u00fcr die Interessenverb\u00e4nde der Schweizer Kulturinstitutionen","potentialAction":[{"@type":"SearchAction","target":{"@type":"EntryPoint","urlTemplate":"https:\/\/www.cultura.ch\/fr\/?s={search_term_string}"},"query-input":{"@type":"PropertyValueSpecification","valueRequired":true,"valueName":"search_term_string"}}],"inLanguage":"fr-FR"}]}},"_links":{"self":[{"href":"https:\/\/www.cultura.ch\/fr\/wp-json\/wp\/v2\/pages\/72","targetHints":{"allow":["GET"]}}],"collection":[{"href":"https:\/\/www.cultura.ch\/fr\/wp-json\/wp\/v2\/pages"}],"about":[{"href":"https:\/\/www.cultura.ch\/fr\/wp-json\/wp\/v2\/types\/page"}],"author":[{"embeddable":true,"href":"https:\/\/www.cultura.ch\/fr\/wp-json\/wp\/v2\/users\/7"}],"replies":[{"embeddable":true,"href":"https:\/\/www.cultura.ch\/fr\/wp-json\/wp\/v2\/comments?post=72"}],"version-history":[{"count":5,"href":"https:\/\/www.cultura.ch\/fr\/wp-json\/wp\/v2\/pages\/72\/revisions"}],"predecessor-version":[{"id":4032,"href":"https:\/\/www.cultura.ch\/fr\/wp-json\/wp\/v2\/pages\/72\/revisions\/4032"}],"up":[{"embeddable":true,"href":"https:\/\/www.cultura.ch\/fr\/wp-json\/wp\/v2\/pages\/474"}],"wp:attachment":[{"href":"https:\/\/www.cultura.ch\/fr\/wp-json\/wp\/v2\/media?parent=72"}],"curies":[{"name":"wp","href":"https:\/\/api.w.org\/{rel}","templated":true}]}}