{"id":1002,"date":"2020-05-01T13:52:41","date_gmt":"2020-05-01T11:52:41","guid":{"rendered":"https:\/\/www.cultura.ch\/?page_id=1002"},"modified":"2020-06-12T08:55:11","modified_gmt":"2020-06-12T06:55:11","slug":"crisi-della-corona","status":"publish","type":"page","link":"https:\/\/www.cultura.ch\/it\/eventi\/crisi-della-corona\/","title":{"rendered":"Crisi della Corona"},"content":{"rendered":"<h2>Riattivazione graduale del settore culturale pubblico<\/h2>\n<p>La cultura \u00e8 uno dei settori pi\u00f9 colpiti dall&#8217;arresto dovuto alla pandemia. Le restrizioni imposte ci hanno reso improvvisamente consapevoli della misura in cui la nostra vita \u00e8 plasmata dalle attivit\u00e0 culturali, di quanto ci manchino i concerti, le visite ai musei e gli spettacoli di danza, di quanto la cultura contribuisca alla coesione sociale di una societ\u00e0. Allo stesso tempo, la vulnerabilit\u00e0 dei sistemi di assistenza culturale \u00e8 diventata apertamente evidente &#8211; sia a livello dei singoli operatori culturali, che nella rete delle istituzioni.<\/p>\n<p>La cultura ha bisogno del pubblico e il pubblico ha bisogno di cultura: per questo motivo, la graduale riattivazione del settore culturale gioca oggi un ruolo importante sulla via di una nuova &#8220;normalit\u00e0&#8221; ancora sconosciuta. L&#8217;attuazione di misure di protezione, tuttavia, richiede le strategie pi\u00f9 diverse: un museo ha zone a rischio diverse rispetto ad un&#8217;orchestra. La lettura di un autore, una biblioteca o uno spettacolo teatrale hanno colli di bottiglia e possibilit\u00e0 di azione molto diverse. Un festival della danza non pu\u00f2 essere paragonato a un festival del cinema quando si tratta di questioni di organizzazione e di interazione.<\/p>\n<p>Soprattutto in tempi di crisi, le istituzioni possono creare fiducia trasmettendo sia continuit\u00e0 che innovazione. Per questo motivo CULTURA si impegna a far s\u00ec che le attivit\u00e0 culturali si svolgano nuovamente laddove \u00e8 possibile mantenere le misure necessarie. In qualit\u00e0 di organizzazione mantello dei gruppi d&#8217;interesse delle istituzioni culturali svizzere, CULTURA offre una piattaforma per i diversi concetti di protezione e promuove il collegamento in rete e lo scambio tra i singoli settori. La diversit\u00e0 e la la differenziazione della creazione culturale \u00e8 essenziale in questa fase di ricostruzione in particolare.<\/p>\n<h2>Misure per mitigare l\u2019impatto economico nel settore culturale<\/h2>\n<p>Durante la pandemia di Covid19, l\u2019associazione CULTURA sostiene attivamente il settore culturale in crisi, le sue istituzioni e i suoi rappresentanti.<\/p>\n<p>Le persone interessate possono trovare primi contatti utili e ulteriori informazioni sul sito web dell\u2019Ufficio federale della cultura (UFC)<\/p>\n<ul>\n<li>\u00ab<a href=\"https:\/\/www.bak.admin.ch\/bak\/it\/home\/temi\/covid19.html\" target=\"_blank\" rel=\"noopener noreferrer\">Misure per mitigare l\u2019impatto economico del coronavirus nel settore culturale<\/a>\u00bb<\/li>\n<li><a href=\"https:\/\/www.cultura.ch\/wp-content\/uploads\/2020\/04\/Tableau_OFC_IT.pdf\" target=\"_blank\" rel=\"noopener noreferrer\">Panoramica delle misure \u2013 chi pu\u00f2 presentare dove (PDF)<\/a><\/li>\n<\/ul>\n<h2>Misure di protezione per la riapertura<\/h2>\n<ul>\n<li><a href=\"https:\/\/www.cultura.ch\/wp-content\/uploads\/2020\/06\/VMS_AMS_Piano_di_protezione_IT_v03.pdf\">Associazione die musei svizzeri, AMS<\/a>\u00a0(PDF)<\/li>\n<li><a href=\"https:\/\/www.cultura.ch\/wp-content\/uploads\/2020\/06\/200605-Schutzkonzept_COVID-19_Theater_Konzert_Veranstaltung_V2_3.pdf\" target=\"_blank\" rel=\"noopener noreferrer\">schweizer verband technischer b\u00fchnen- und veranstaltungsberufe, svtb \/ Associazione Svizzera delle Orchestre Professionali, orchester.ch<\/a> (PDF, in tedesco)<\/li>\n<li><a href=\"https:\/\/www.cultura.ch\/wp-content\/uploads\/2020\/06\/VSA_AAS_Plan_de_protection_2020-06-05.pdf\">Association des archivistes suisses, VSA-AAS<\/a> (PDF, in francese)<\/li>\n<\/ul>\n","protected":false},"excerpt":{"rendered":"<p>Riattivazione graduale del settore culturale pubblico La cultura \u00e8 uno dei settori pi\u00f9 colpiti dall&#8217;arresto dovuto alla pandemia. Le restrizioni imposte ci hanno reso improvvisamente consapevoli della misura in cui la nostra vita \u00e8 plasmata dalle attivit\u00e0 culturali, di quanto ci manchino i concerti, le visite ai musei e gli spettacoli di danza, di quanto &hellip; <a href=\"https:\/\/www.cultura.ch\/it\/eventi\/crisi-della-corona\/\" class=\"more-link\">Continua la lettura di <span class=\"screen-reader-text\">Crisi della Corona<\/span> <span class=\"meta-nav\">&rarr;<\/span><\/a><\/p>\n","protected":false},"author":7,"featured_media":0,"parent":615,"menu_order":25,"comment_status":"closed","ping_status":"closed","template":"","meta":{"iawp_total_views":11,"footnotes":""},"class_list":["post-1002","page","type-page","status-publish","hentry"],"yoast_head":"<!-- This site is optimized with the Yoast SEO plugin v27.3 - https:\/\/yoast.com\/product\/yoast-seo-wordpress\/ -->\n<title>Crisi della Corona - CULTURA<\/title>\n<meta name=\"robots\" content=\"index, follow, max-snippet:-1, max-image-preview:large, max-video-preview:-1\" \/>\n<link rel=\"canonical\" href=\"https:\/\/www.cultura.ch\/it\/eventi\/crisi-della-corona\/\" \/>\n<meta property=\"og:locale\" content=\"it_IT\" \/>\n<meta property=\"og:type\" content=\"article\" \/>\n<meta property=\"og:title\" content=\"Crisi della Corona - CULTURA\" \/>\n<meta property=\"og:description\" content=\"Riattivazione graduale del settore culturale pubblico La cultura \u00e8 uno dei settori pi\u00f9 colpiti dall&#8217;arresto dovuto alla pandemia. Le restrizioni imposte ci hanno reso improvvisamente consapevoli della misura in cui la nostra vita \u00e8 plasmata dalle attivit\u00e0 culturali, di quanto ci manchino i concerti, le visite ai musei e gli spettacoli di danza, di quanto &hellip; Continua la lettura di Crisi della Corona &rarr;\" \/>\n<meta property=\"og:url\" content=\"https:\/\/www.cultura.ch\/it\/eventi\/crisi-della-corona\/\" \/>\n<meta property=\"og:site_name\" content=\"CULTURA\" \/>\n<meta property=\"article:modified_time\" content=\"2020-06-12T06:55:11+00:00\" \/>\n<meta name=\"twitter:label1\" content=\"Tempo di lettura stimato\" \/>\n\t<meta name=\"twitter:data1\" content=\"2 minuti\" \/>\n<script type=\"application\/ld+json\" class=\"yoast-schema-graph\">{\"@context\":\"https:\\\/\\\/schema.org\",\"@graph\":[{\"@type\":\"WebPage\",\"@id\":\"https:\\\/\\\/www.cultura.ch\\\/it\\\/eventi\\\/crisi-della-corona\\\/\",\"url\":\"https:\\\/\\\/www.cultura.ch\\\/it\\\/eventi\\\/crisi-della-corona\\\/\",\"name\":\"Crisi della Corona - CULTURA\",\"isPartOf\":{\"@id\":\"https:\\\/\\\/www.cultura.ch\\\/it\\\/#website\"},\"datePublished\":\"2020-05-01T11:52:41+00:00\",\"dateModified\":\"2020-06-12T06:55:11+00:00\",\"breadcrumb\":{\"@id\":\"https:\\\/\\\/www.cultura.ch\\\/it\\\/eventi\\\/crisi-della-corona\\\/#breadcrumb\"},\"inLanguage\":\"it-IT\",\"potentialAction\":[{\"@type\":\"ReadAction\",\"target\":[\"https:\\\/\\\/www.cultura.ch\\\/it\\\/eventi\\\/crisi-della-corona\\\/\"]}]},{\"@type\":\"BreadcrumbList\",\"@id\":\"https:\\\/\\\/www.cultura.ch\\\/it\\\/eventi\\\/crisi-della-corona\\\/#breadcrumb\",\"itemListElement\":[{\"@type\":\"ListItem\",\"position\":1,\"name\":\"Startseite\",\"item\":\"https:\\\/\\\/www.cultura.ch\\\/it\\\/\"},{\"@type\":\"ListItem\",\"position\":2,\"name\":\"Crisi della Corona\"}]},{\"@type\":\"WebSite\",\"@id\":\"https:\\\/\\\/www.cultura.ch\\\/it\\\/#website\",\"url\":\"https:\\\/\\\/www.cultura.ch\\\/it\\\/\",\"name\":\"CULTURA\",\"description\":\"Dachverband f\u00fcr die Interessenverb\u00e4nde der Schweizer Kulturinstitutionen\",\"potentialAction\":[{\"@type\":\"SearchAction\",\"target\":{\"@type\":\"EntryPoint\",\"urlTemplate\":\"https:\\\/\\\/www.cultura.ch\\\/it\\\/?s={search_term_string}\"},\"query-input\":{\"@type\":\"PropertyValueSpecification\",\"valueRequired\":true,\"valueName\":\"search_term_string\"}}],\"inLanguage\":\"it-IT\"}]}<\/script>\n<!-- \/ Yoast SEO plugin. -->","yoast_head_json":{"title":"Crisi della Corona - CULTURA","robots":{"index":"index","follow":"follow","max-snippet":"max-snippet:-1","max-image-preview":"max-image-preview:large","max-video-preview":"max-video-preview:-1"},"canonical":"https:\/\/www.cultura.ch\/it\/eventi\/crisi-della-corona\/","og_locale":"it_IT","og_type":"article","og_title":"Crisi della Corona - CULTURA","og_description":"Riattivazione graduale del settore culturale pubblico La cultura \u00e8 uno dei settori pi\u00f9 colpiti dall&#8217;arresto dovuto alla pandemia. Le restrizioni imposte ci hanno reso improvvisamente consapevoli della misura in cui la nostra vita \u00e8 plasmata dalle attivit\u00e0 culturali, di quanto ci manchino i concerti, le visite ai musei e gli spettacoli di danza, di quanto &hellip; Continua la lettura di Crisi della Corona &rarr;","og_url":"https:\/\/www.cultura.ch\/it\/eventi\/crisi-della-corona\/","og_site_name":"CULTURA","article_modified_time":"2020-06-12T06:55:11+00:00","twitter_misc":{"Tempo di lettura stimato":"2 minuti"},"schema":{"@context":"https:\/\/schema.org","@graph":[{"@type":"WebPage","@id":"https:\/\/www.cultura.ch\/it\/eventi\/crisi-della-corona\/","url":"https:\/\/www.cultura.ch\/it\/eventi\/crisi-della-corona\/","name":"Crisi della Corona - CULTURA","isPartOf":{"@id":"https:\/\/www.cultura.ch\/it\/#website"},"datePublished":"2020-05-01T11:52:41+00:00","dateModified":"2020-06-12T06:55:11+00:00","breadcrumb":{"@id":"https:\/\/www.cultura.ch\/it\/eventi\/crisi-della-corona\/#breadcrumb"},"inLanguage":"it-IT","potentialAction":[{"@type":"ReadAction","target":["https:\/\/www.cultura.ch\/it\/eventi\/crisi-della-corona\/"]}]},{"@type":"BreadcrumbList","@id":"https:\/\/www.cultura.ch\/it\/eventi\/crisi-della-corona\/#breadcrumb","itemListElement":[{"@type":"ListItem","position":1,"name":"Startseite","item":"https:\/\/www.cultura.ch\/it\/"},{"@type":"ListItem","position":2,"name":"Crisi della Corona"}]},{"@type":"WebSite","@id":"https:\/\/www.cultura.ch\/it\/#website","url":"https:\/\/www.cultura.ch\/it\/","name":"CULTURA","description":"Dachverband f\u00fcr die Interessenverb\u00e4nde der Schweizer Kulturinstitutionen","potentialAction":[{"@type":"SearchAction","target":{"@type":"EntryPoint","urlTemplate":"https:\/\/www.cultura.ch\/it\/?s={search_term_string}"},"query-input":{"@type":"PropertyValueSpecification","valueRequired":true,"valueName":"search_term_string"}}],"inLanguage":"it-IT"}]}},"_links":{"self":[{"href":"https:\/\/www.cultura.ch\/it\/wp-json\/wp\/v2\/pages\/1002","targetHints":{"allow":["GET"]}}],"collection":[{"href":"https:\/\/www.cultura.ch\/it\/wp-json\/wp\/v2\/pages"}],"about":[{"href":"https:\/\/www.cultura.ch\/it\/wp-json\/wp\/v2\/types\/page"}],"author":[{"embeddable":true,"href":"https:\/\/www.cultura.ch\/it\/wp-json\/wp\/v2\/users\/7"}],"replies":[{"embeddable":true,"href":"https:\/\/www.cultura.ch\/it\/wp-json\/wp\/v2\/comments?post=1002"}],"version-history":[{"count":5,"href":"https:\/\/www.cultura.ch\/it\/wp-json\/wp\/v2\/pages\/1002\/revisions"}],"predecessor-version":[{"id":1074,"href":"https:\/\/www.cultura.ch\/it\/wp-json\/wp\/v2\/pages\/1002\/revisions\/1074"}],"up":[{"embeddable":true,"href":"https:\/\/www.cultura.ch\/it\/wp-json\/wp\/v2\/pages\/615"}],"wp:attachment":[{"href":"https:\/\/www.cultura.ch\/it\/wp-json\/wp\/v2\/media?parent=1002"}],"curies":[{"name":"wp","href":"https:\/\/api.w.org\/{rel}","templated":true}]}}