{"id":716,"date":"2018-07-14T12:38:14","date_gmt":"2018-07-14T10:38:14","guid":{"rendered":"https:\/\/www.cultura.ch\/?page_id=716"},"modified":"2018-07-14T12:38:14","modified_gmt":"2018-07-14T10:38:14","slug":"artistcontact-ch","status":"publish","type":"page","link":"https:\/\/www.cultura.ch\/it\/eventi\/progetti-con-rifugiati\/artistcontact-ch\/","title":{"rendered":"artistcontact.ch"},"content":{"rendered":"<p><strong>La piattaforma per artisti locali e rifugiati<\/strong><\/p>\n<p><a href=\"https:\/\/www.cultura.ch\/wp-content\/uploads\/2018\/07\/artistcontact-ch.png\"><img loading=\"lazy\" decoding=\"async\" class=\"alignnone size-full wp-image-706\" src=\"https:\/\/www.cultura.ch\/wp-content\/uploads\/2018\/07\/artistcontact-ch.png\" alt=\"artistcontact.ch\" width=\"937\" height=\"160\" srcset=\"https:\/\/www.cultura.ch\/wp-content\/uploads\/2018\/07\/artistcontact-ch.png 937w, https:\/\/www.cultura.ch\/wp-content\/uploads\/2018\/07\/artistcontact-ch-300x51.png 300w, https:\/\/www.cultura.ch\/wp-content\/uploads\/2018\/07\/artistcontact-ch-768x131.png 768w\" sizes=\"auto, (max-width: 937px) 100vw, 937px\" \/><\/a><\/p>\n<p>La piattaforma digitale \u00abartistcontact\u00bb dell\u2019Universit\u00e0 delle arti si Zurigo\/Z\u00fcrcher Hochschule der K\u00fcnste (ZHdK) offre una soluzione per facilitare i contatti tra artisti locali e rifugiati.<\/p>\n<p>Molti artisti che si trovano in Svizzera da poco tempo avvertono il desiderio di contatto e collegamento. Le loro motivazioni sono molto diverse: da un lato, ragioni ed esigenze pratiche, come spazi e materiali; dall\u2019altro, la ricerca di opportunit\u00e0 di collaborazione e progetti. Vogliamo anche dare visibilit\u00e0 agli artisti rifugiati, con le loro situazioni, risorse e interessi. \u00c8 una presenza che mira ad agevolare le artiste e gli artisti rifugiati a inserirsi nelle scene locali, suscitando nuove collaborazioni. Sulla piattaforma si possono inserire &#8220;offerte&#8221; e &#8220;richieste&#8221; in diverse categorie<\/p>\n<p>Maggiori informazioni:\u00a0<a href=\"http:\/\/artistcontact.ch\" target=\"_blank\" rel=\"noopener\">artistcontact.ch<\/a><\/p>\n","protected":false},"excerpt":{"rendered":"<p>La piattaforma per artisti locali e rifugiati La piattaforma digitale \u00abartistcontact\u00bb dell\u2019Universit\u00e0 delle arti si Zurigo\/Z\u00fcrcher Hochschule der K\u00fcnste (ZHdK) offre una soluzione per facilitare i contatti tra artisti locali e rifugiati. Molti artisti che si trovano in Svizzera da poco tempo avvertono il desiderio di contatto e collegamento. Le loro motivazioni sono molto diverse: &hellip; <a href=\"https:\/\/www.cultura.ch\/it\/eventi\/progetti-con-rifugiati\/artistcontact-ch\/\" class=\"more-link\">Continua la lettura di <span class=\"screen-reader-text\">artistcontact.ch<\/span> <span class=\"meta-nav\">&rarr;<\/span><\/a><\/p>\n","protected":false},"author":7,"featured_media":0,"parent":509,"menu_order":0,"comment_status":"closed","ping_status":"closed","template":"","meta":{"iawp_total_views":13,"footnotes":""},"class_list":["post-716","page","type-page","status-publish","hentry"],"yoast_head":"<!-- This site is optimized with the Yoast SEO plugin v27.4 - https:\/\/yoast.com\/product\/yoast-seo-wordpress\/ -->\n<title>artistcontact.ch - CULTURA<\/title>\n<meta name=\"robots\" content=\"index, follow, max-snippet:-1, max-image-preview:large, max-video-preview:-1\" \/>\n<link rel=\"canonical\" href=\"https:\/\/www.cultura.ch\/it\/eventi\/progetti-con-rifugiati\/artistcontact-ch\/\" \/>\n<meta property=\"og:locale\" content=\"it_IT\" \/>\n<meta property=\"og:type\" content=\"article\" \/>\n<meta property=\"og:title\" content=\"artistcontact.ch - CULTURA\" \/>\n<meta property=\"og:description\" content=\"La piattaforma per artisti locali e rifugiati La piattaforma digitale \u00abartistcontact\u00bb dell\u2019Universit\u00e0 delle arti si Zurigo\/Z\u00fcrcher Hochschule der K\u00fcnste (ZHdK) offre una soluzione per facilitare i contatti tra artisti locali e rifugiati. Molti artisti che si trovano in Svizzera da poco tempo avvertono il desiderio di contatto e collegamento. Le loro motivazioni sono molto diverse: &hellip; Continua la lettura di artistcontact.ch &rarr;\" \/>\n<meta property=\"og:url\" content=\"https:\/\/www.cultura.ch\/it\/eventi\/progetti-con-rifugiati\/artistcontact-ch\/\" \/>\n<meta property=\"og:site_name\" content=\"CULTURA\" \/>\n<meta property=\"og:image\" content=\"https:\/\/www.cultura.ch\/wp-content\/uploads\/2018\/07\/artistcontact-ch.png\" \/>\n<meta name=\"twitter:label1\" content=\"Tempo di lettura stimato\" \/>\n\t<meta name=\"twitter:data1\" content=\"1 minuto\" \/>\n<script type=\"application\/ld+json\" class=\"yoast-schema-graph\">{\"@context\":\"https:\\\/\\\/schema.org\",\"@graph\":[{\"@type\":\"WebPage\",\"@id\":\"https:\\\/\\\/www.cultura.ch\\\/it\\\/eventi\\\/progetti-con-rifugiati\\\/artistcontact-ch\\\/\",\"url\":\"https:\\\/\\\/www.cultura.ch\\\/it\\\/eventi\\\/progetti-con-rifugiati\\\/artistcontact-ch\\\/\",\"name\":\"artistcontact.ch - CULTURA\",\"isPartOf\":{\"@id\":\"https:\\\/\\\/www.cultura.ch\\\/it\\\/#website\"},\"primaryImageOfPage\":{\"@id\":\"https:\\\/\\\/www.cultura.ch\\\/it\\\/eventi\\\/progetti-con-rifugiati\\\/artistcontact-ch\\\/#primaryimage\"},\"image\":{\"@id\":\"https:\\\/\\\/www.cultura.ch\\\/it\\\/eventi\\\/progetti-con-rifugiati\\\/artistcontact-ch\\\/#primaryimage\"},\"thumbnailUrl\":\"https:\\\/\\\/www.cultura.ch\\\/wp-content\\\/uploads\\\/2018\\\/07\\\/artistcontact-ch.png\",\"datePublished\":\"2018-07-14T10:38:14+00:00\",\"breadcrumb\":{\"@id\":\"https:\\\/\\\/www.cultura.ch\\\/it\\\/eventi\\\/progetti-con-rifugiati\\\/artistcontact-ch\\\/#breadcrumb\"},\"inLanguage\":\"it-IT\",\"potentialAction\":[{\"@type\":\"ReadAction\",\"target\":[\"https:\\\/\\\/www.cultura.ch\\\/it\\\/eventi\\\/progetti-con-rifugiati\\\/artistcontact-ch\\\/\"]}]},{\"@type\":\"ImageObject\",\"inLanguage\":\"it-IT\",\"@id\":\"https:\\\/\\\/www.cultura.ch\\\/it\\\/eventi\\\/progetti-con-rifugiati\\\/artistcontact-ch\\\/#primaryimage\",\"url\":\"https:\\\/\\\/www.cultura.ch\\\/wp-content\\\/uploads\\\/2018\\\/07\\\/artistcontact-ch.png\",\"contentUrl\":\"https:\\\/\\\/www.cultura.ch\\\/wp-content\\\/uploads\\\/2018\\\/07\\\/artistcontact-ch.png\"},{\"@type\":\"BreadcrumbList\",\"@id\":\"https:\\\/\\\/www.cultura.ch\\\/it\\\/eventi\\\/progetti-con-rifugiati\\\/artistcontact-ch\\\/#breadcrumb\",\"itemListElement\":[{\"@type\":\"ListItem\",\"position\":1,\"name\":\"Startseite\",\"item\":\"https:\\\/\\\/www.cultura.ch\\\/it\\\/\"},{\"@type\":\"ListItem\",\"position\":2,\"name\":\"Offerta culturale per e con rifugiati e richiedenti asilo\",\"item\":\"https:\\\/\\\/www.cultura.ch\\\/it\\\/progetti-con-rifugiati\\\/\"},{\"@type\":\"ListItem\",\"position\":3,\"name\":\"artistcontact.ch\"}]},{\"@type\":\"WebSite\",\"@id\":\"https:\\\/\\\/www.cultura.ch\\\/it\\\/#website\",\"url\":\"https:\\\/\\\/www.cultura.ch\\\/it\\\/\",\"name\":\"CULTURA\",\"description\":\"Dachverband f\u00fcr die Interessenverb\u00e4nde der Schweizer Kulturinstitutionen\",\"potentialAction\":[{\"@type\":\"SearchAction\",\"target\":{\"@type\":\"EntryPoint\",\"urlTemplate\":\"https:\\\/\\\/www.cultura.ch\\\/it\\\/?s={search_term_string}\"},\"query-input\":{\"@type\":\"PropertyValueSpecification\",\"valueRequired\":true,\"valueName\":\"search_term_string\"}}],\"inLanguage\":\"it-IT\"}]}<\/script>\n<!-- \/ Yoast SEO plugin. -->","yoast_head_json":{"title":"artistcontact.ch - CULTURA","robots":{"index":"index","follow":"follow","max-snippet":"max-snippet:-1","max-image-preview":"max-image-preview:large","max-video-preview":"max-video-preview:-1"},"canonical":"https:\/\/www.cultura.ch\/it\/eventi\/progetti-con-rifugiati\/artistcontact-ch\/","og_locale":"it_IT","og_type":"article","og_title":"artistcontact.ch - CULTURA","og_description":"La piattaforma per artisti locali e rifugiati La piattaforma digitale \u00abartistcontact\u00bb dell\u2019Universit\u00e0 delle arti si Zurigo\/Z\u00fcrcher Hochschule der K\u00fcnste (ZHdK) offre una soluzione per facilitare i contatti tra artisti locali e rifugiati. Molti artisti che si trovano in Svizzera da poco tempo avvertono il desiderio di contatto e collegamento. Le loro motivazioni sono molto diverse: &hellip; Continua la lettura di artistcontact.ch &rarr;","og_url":"https:\/\/www.cultura.ch\/it\/eventi\/progetti-con-rifugiati\/artistcontact-ch\/","og_site_name":"CULTURA","og_image":[{"url":"https:\/\/www.cultura.ch\/wp-content\/uploads\/2018\/07\/artistcontact-ch.png","type":"","width":"","height":""}],"twitter_misc":{"Tempo di lettura stimato":"1 minuto"},"schema":{"@context":"https:\/\/schema.org","@graph":[{"@type":"WebPage","@id":"https:\/\/www.cultura.ch\/it\/eventi\/progetti-con-rifugiati\/artistcontact-ch\/","url":"https:\/\/www.cultura.ch\/it\/eventi\/progetti-con-rifugiati\/artistcontact-ch\/","name":"artistcontact.ch - CULTURA","isPartOf":{"@id":"https:\/\/www.cultura.ch\/it\/#website"},"primaryImageOfPage":{"@id":"https:\/\/www.cultura.ch\/it\/eventi\/progetti-con-rifugiati\/artistcontact-ch\/#primaryimage"},"image":{"@id":"https:\/\/www.cultura.ch\/it\/eventi\/progetti-con-rifugiati\/artistcontact-ch\/#primaryimage"},"thumbnailUrl":"https:\/\/www.cultura.ch\/wp-content\/uploads\/2018\/07\/artistcontact-ch.png","datePublished":"2018-07-14T10:38:14+00:00","breadcrumb":{"@id":"https:\/\/www.cultura.ch\/it\/eventi\/progetti-con-rifugiati\/artistcontact-ch\/#breadcrumb"},"inLanguage":"it-IT","potentialAction":[{"@type":"ReadAction","target":["https:\/\/www.cultura.ch\/it\/eventi\/progetti-con-rifugiati\/artistcontact-ch\/"]}]},{"@type":"ImageObject","inLanguage":"it-IT","@id":"https:\/\/www.cultura.ch\/it\/eventi\/progetti-con-rifugiati\/artistcontact-ch\/#primaryimage","url":"https:\/\/www.cultura.ch\/wp-content\/uploads\/2018\/07\/artistcontact-ch.png","contentUrl":"https:\/\/www.cultura.ch\/wp-content\/uploads\/2018\/07\/artistcontact-ch.png"},{"@type":"BreadcrumbList","@id":"https:\/\/www.cultura.ch\/it\/eventi\/progetti-con-rifugiati\/artistcontact-ch\/#breadcrumb","itemListElement":[{"@type":"ListItem","position":1,"name":"Startseite","item":"https:\/\/www.cultura.ch\/it\/"},{"@type":"ListItem","position":2,"name":"Offerta culturale per e con rifugiati e richiedenti asilo","item":"https:\/\/www.cultura.ch\/it\/progetti-con-rifugiati\/"},{"@type":"ListItem","position":3,"name":"artistcontact.ch"}]},{"@type":"WebSite","@id":"https:\/\/www.cultura.ch\/it\/#website","url":"https:\/\/www.cultura.ch\/it\/","name":"CULTURA","description":"Dachverband f\u00fcr die Interessenverb\u00e4nde der Schweizer Kulturinstitutionen","potentialAction":[{"@type":"SearchAction","target":{"@type":"EntryPoint","urlTemplate":"https:\/\/www.cultura.ch\/it\/?s={search_term_string}"},"query-input":{"@type":"PropertyValueSpecification","valueRequired":true,"valueName":"search_term_string"}}],"inLanguage":"it-IT"}]}},"_links":{"self":[{"href":"https:\/\/www.cultura.ch\/it\/wp-json\/wp\/v2\/pages\/716","targetHints":{"allow":["GET"]}}],"collection":[{"href":"https:\/\/www.cultura.ch\/it\/wp-json\/wp\/v2\/pages"}],"about":[{"href":"https:\/\/www.cultura.ch\/it\/wp-json\/wp\/v2\/types\/page"}],"author":[{"embeddable":true,"href":"https:\/\/www.cultura.ch\/it\/wp-json\/wp\/v2\/users\/7"}],"replies":[{"embeddable":true,"href":"https:\/\/www.cultura.ch\/it\/wp-json\/wp\/v2\/comments?post=716"}],"version-history":[{"count":1,"href":"https:\/\/www.cultura.ch\/it\/wp-json\/wp\/v2\/pages\/716\/revisions"}],"predecessor-version":[{"id":717,"href":"https:\/\/www.cultura.ch\/it\/wp-json\/wp\/v2\/pages\/716\/revisions\/717"}],"up":[{"embeddable":true,"href":"https:\/\/www.cultura.ch\/it\/wp-json\/wp\/v2\/pages\/509"}],"wp:attachment":[{"href":"https:\/\/www.cultura.ch\/it\/wp-json\/wp\/v2\/media?parent=716"}],"curies":[{"name":"wp","href":"https:\/\/api.w.org\/{rel}","templated":true}]}}